{"id":53902,"date":"2024-11-18T17:03:31","date_gmt":"2024-11-18T16:03:31","guid":{"rendered":"https:\/\/new.www.chauffeur-services.com\/cookies\/"},"modified":"2025-08-22T09:08:41","modified_gmt":"2025-08-22T07:08:41","slug":"cookies","status":"publish","type":"page","link":"https:\/\/www.chauffeur-services.com\/pt-pt\/cookies\/","title":{"rendered":"Cookies"},"content":{"rendered":"\t\t<div data-elementor-type=\"wp-page\" data-elementor-id=\"53902\" class=\"elementor elementor-53902 elementor-887\" data-elementor-post-type=\"page\">\n\t\t\t\t<div class=\"elementor-element elementor-element-7e1f6aa e-con-full e-flex e-con e-parent\" data-id=\"7e1f6aa\" data-element_type=\"container\" data-e-type=\"container\">\n\t\t\t\t<div class=\"elementor-element elementor-element-8f0ecf4 elementor-widget elementor-widget-shortcode\" data-id=\"8f0ecf4\" data-element_type=\"widget\" data-e-type=\"widget\" data-widget_type=\"shortcode.default\">\n\t\t\t\t\t\t\t<div class=\"elementor-shortcode\">\t\t<div data-elementor-type=\"container\" data-elementor-id=\"54361\" class=\"elementor elementor-54361 elementor-150 elementor-150\" data-elementor-post-type=\"elementor_library\">\n\t\t\t\t<div class=\"elementor-element elementor-element-4cea5e52 e-flex e-con-boxed e-con e-parent\" data-id=\"4cea5e52\" data-element_type=\"container\" data-e-type=\"container\" data-settings=\"{&quot;background_background&quot;:&quot;classic&quot;}\">\n\t\t\t\t\t<div class=\"e-con-inner\">\n\t\t\t\t<div class=\"elementor-element elementor-element-681f125e elementor-align-left elementor-widget elementor-widget-breadcrumbs\" data-id=\"681f125e\" data-element_type=\"widget\" data-e-type=\"widget\" data-widget_type=\"breadcrumbs.default\">\n\t\t\t\t<div class=\"elementor-widget-container\">\n\t\t\t\t\t<nav aria-label=\"breadcrumbs\" class=\"rank-math-breadcrumb\"><p><span class=\"last\">Casa<\/span><\/p><\/nav>\t\t\t\t<\/div>\n\t\t\t\t<\/div>\n\t\t\t\t<div class=\"elementor-element elementor-element-559b15b7 elementor-widget elementor-widget-heading\" data-id=\"559b15b7\" data-element_type=\"widget\" data-e-type=\"widget\" data-widget_type=\"heading.default\">\n\t\t\t\t\t<div class=\"elementor-heading-title elementor-size-default\">Pol\u00edtica de cookies - Condutores e servi\u00e7os<\/div>\t\t\t\t<\/div>\n\t\t\t\t\t<\/div>\n\t\t\t\t<\/div>\n\t\t\t\t<\/div>\n\t\t<\/div>\n\t\t\t\t\t\t<\/div>\n\t\t\t\t<\/div>\n\t\t<div class=\"elementor-element elementor-element-9e799e2 e-flex e-con-boxed e-con e-parent\" data-id=\"9e799e2\" data-element_type=\"container\" data-e-type=\"container\">\n\t\t\t\t\t<div class=\"e-con-inner\">\n\t\t\t\t<div class=\"elementor-element elementor-element-5db71a8 elementor-widget elementor-widget-text-editor\" data-id=\"5db71a8\" data-element_type=\"widget\" data-e-type=\"widget\" data-widget_type=\"text-editor.default\">\n\t\t\t\t\t\t\t\t\t<p>Chauffeurs &amp; Services fornece-te a informa\u00e7\u00e3o legal da sua empresa. Chauffeurs &amp; Services \u00e9 referido abaixo como \"A Empresa\". <\/p>\t\t\t\t\t\t\t\t<\/div>\n\t\t\t\t<div class=\"elementor-element elementor-element-59f5a33 elementor-widget elementor-widget-n-accordion\" data-id=\"59f5a33\" data-element_type=\"widget\" data-e-type=\"widget\" data-settings=\"{&quot;n_accordion_animation_duration&quot;:{&quot;unit&quot;:&quot;ms&quot;,&quot;size&quot;:&quot;350&quot;,&quot;sizes&quot;:[]},&quot;default_state&quot;:&quot;expanded&quot;,&quot;max_items_expended&quot;:&quot;one&quot;}\" data-widget_type=\"nested-accordion.default\">\n\t\t\t\t\t\t\t<div class=\"e-n-accordion\" aria-label=\"Accordion. Open links with Enter or Space, close with Escape, and navigate with Arrow Keys\">\n\t\t\t\t\t\t<details id=\"e-n-accordion-item-9430\" class=\"e-n-accordion-item\" open>\n\t\t\t\t<summary class=\"e-n-accordion-item-title\" data-accordion-index=\"1\" tabindex=\"0\" aria-expanded=\"true\" aria-controls=\"e-n-accordion-item-9430\" >\n\t\t\t\t\t<span class='e-n-accordion-item-title-header'><div class=\"e-n-accordion-item-title-text\"> Pol\u00edtica de cookies <\/div><\/span>\n\t\t\t\t\t\t\t<span class='e-n-accordion-item-title-icon'>\n\t\t\t<span class='e-opened' ><svg aria-hidden=\"true\" class=\"e-font-icon-svg e-fas-minus\" viewBox=\"0 0 448 512\" xmlns=\"http:\/\/www.w3.org\/2000\/svg\"><path d=\"M416 208H32c-17.67 0-32 14.33-32 32v32c0 17.67 14.33 32 32 32h384c17.67 0 32-14.33 32-32v-32c0-17.67-14.33-32-32-32z\"><\/path><\/svg><\/span>\n\t\t\t<span class='e-closed'><svg aria-hidden=\"true\" class=\"e-font-icon-svg e-fas-plus\" viewBox=\"0 0 448 512\" xmlns=\"http:\/\/www.w3.org\/2000\/svg\"><path d=\"M416 208H272V64c0-17.67-14.33-32-32-32h-32c-17.67 0-32 14.33-32 32v144H32c-17.67 0-32 14.33-32 32v32c0 17.67 14.33 32 32 32h144v144c0 17.67 14.33 32 32 32h32c17.67 0 32-14.33 32-32V304h144c17.67 0 32-14.33 32-32v-32c0-17.67-14.33-32-32-32z\"><\/path><\/svg><\/span>\n\t\t<\/span>\n\n\t\t\t\t\t\t<\/summary>\n\t\t\t\t<div role=\"region\" aria-labelledby=\"e-n-accordion-item-9430\" class=\"elementor-element elementor-element-708de6e e-con-full e-flex e-con e-child\" data-id=\"708de6e\" data-element_type=\"container\" data-e-type=\"container\">\n\t\t\t\t<div class=\"elementor-element elementor-element-c29529d elementor-widget elementor-widget-text-editor\" data-id=\"c29529d\" data-element_type=\"widget\" data-e-type=\"widget\" data-widget_type=\"text-editor.default\">\n\t\t\t\t\t\t\t\t\t<p><strong>\u00daltima atualiza\u00e7\u00e3o:<\/strong> 12 de novembro de 2023<\/p><p>Esta Pol\u00edtica de Cookies explica o que s\u00e3o cookies e como os utilizamos. Ao leres esta pol\u00edtica, compreender\u00e1s os tipos de cookies que utilizamos, as informa\u00e7\u00f5es que recolhemos atrav\u00e9s dos cookies e a forma como estas informa\u00e7\u00f5es s\u00e3o utilizadas. <\/p><p><strong>Nota:<\/strong> Normalmente, os cookies n\u00e3o cont\u00eam informa\u00e7\u00f5es pessoais identific\u00e1veis. No entanto, as informa\u00e7\u00f5es pessoais armazenadas por n\u00f3s podem ser associadas aos dados recolhidos pelos cookies. Para mais informa\u00e7\u00f5es sobre a forma como gerimos os teus dados pessoais, consulta a nossa <a href=\"https:\/\/chatgpt.com\/c\/677e81f3-a420-8013-b363-015fe7fc488c\" target=\"_blank\" rel=\"noopener\">Pol\u00edtica de Privacidade<\/a>.  <\/p><p>N\u00e3o guardamos informa\u00e7\u00f5es sens\u00edveis, como endere\u00e7os de correio ou palavras-passe de contas, nos cookies.<\/p><p><strong>Defini\u00e7\u00f5es<\/strong><\/p><ul><li><strong>Empresa:<\/strong> Refere-se a Chauffeurs &amp; Services CF GmbH, F\u00e4rberstrasse 4, 8832 Wollerau, Su\u00ed\u00e7a, tamb\u00e9m referida como \"N\u00f3s\", \"Nos\" ou \"Nosso\".<\/li><li><strong>Cookies:<\/strong> Pequenos ficheiros colocados no teu dispositivo por um website, que armazenam detalhes da tua atividade de navega\u00e7\u00e3o para v\u00e1rios fins.<\/li><li><strong>S\u00edtio Web:<\/strong> Refere-se a Chauffeurs &amp; Services, acess\u00edvel em <a href=\"https:\/\/new.www.chauffeur-services.com\">https:\/\/new.www.chauffeur-services.com.<\/a><\/li><li><strong>Tu:<\/strong> O indiv\u00edduo ou entidade que acede ou utiliza o Website.<\/li><\/ul><p><strong>Tipos de cookies que utilizamos<\/strong><\/p><ol><li><strong>Cookies necess\u00e1rios \/ essenciais<\/strong><ul><li><strong>Tipo:<\/strong> Cookies de sess\u00e3o<\/li><li><strong>Administrado por:<\/strong> N\u00f3s<\/li><li><strong>Objetivo:<\/strong><ul><li>Permite que o Website funcione corretamente.<\/li><li>Autentica os utilizadores e impede a utiliza\u00e7\u00e3o fraudulenta de contas.<\/li><li>Prestar servi\u00e7os essenciais solicitados por ti.<\/li><li>Sem estes cookies, algumas funcionalidades podem n\u00e3o funcionar.<\/li><\/ul><\/li><\/ul><\/li><li><strong>Cookies de funcionalidade<\/strong><ul><li><strong>Tipo:<\/strong> Cookies persistentes<\/li><li><strong>Administrado por:<\/strong> N\u00f3s<\/li><li><strong>Objetivo:<\/strong><ul><li>Lembra-te de escolhas, como detalhes de in\u00edcio de sess\u00e3o ou prefer\u00eancias de idioma.<\/li><li>Melhora a experi\u00eancia do utilizador eliminando a necessidade de voltar a introduzir as prefer\u00eancias.<\/li><\/ul><\/li><\/ul><\/li><\/ol><p><strong>As tuas escolhas relativamente aos cookies<\/strong><\/p><p>Podes gerir ou desativar os cookies da seguinte forma:<\/p><ol><li><strong>Desativar os cookies no teu browser:<\/strong><br>Ajusta as defini\u00e7\u00f5es do teu browser para impedir a coloca\u00e7\u00e3o de cookies.<\/li><li><strong>Eliminar cookies:<\/strong><br>Remove os cookies existentes atrav\u00e9s das defini\u00e7\u00f5es do teu browser. No entanto, tem em aten\u00e7\u00e3o que algumas funcionalidades do website podem n\u00e3o funcionar corretamente sem cookies. <\/li><\/ol><p>Para obter instru\u00e7\u00f5es sobre como gerir os cookies em browsers espec\u00edficos:<\/p><ul><li><strong>Google Chrome:<\/strong> <a href=\"https:\/\/support.google.com\/accounts\/answer\/32050\" target=\"_blank\" rel=\"noopener\">Visita o Suporte do Google<\/a><\/li><li><strong>Internet Explorer:<\/strong> <a href=\"http:\/\/support.microsoft.com\/kb\/278835\" target=\"_blank\" rel=\"noopener\">Visita o Suporte da Microsoft<\/a><\/li><li><strong>Mozilla Firefox:<\/strong> <a href=\"https:\/\/support.mozilla.org\/en-US\/kb\/delete-cookies-remove-info-websites-stored\" target=\"_blank\" rel=\"noopener\">Visita o Suporte Mozilla<\/a><\/li><li><strong>Apple Safari:<\/strong> <a href=\"https:\/\/support.apple.com\/guide\/safari\/manage-cookies-and-website-data-sfri11471\/mac\" target=\"_blank\" rel=\"noopener\">Visita o Suporte da Apple<\/a><\/li><\/ul><p>Para outros browsers, consulta as respectivas p\u00e1ginas de suporte oficiais.<\/p><p><strong>Sabe mais sobre cookies<\/strong><\/p><p>Para compreenderes os cookies em pormenor, visita: <a href=\"https:\/\/www.allaboutcookies.org\/\" target=\"_blank\" rel=\"noopener\">Tudo sobre cookies<\/a>.<\/p>\t\t\t\t\t\t\t\t<\/div>\n\t\t\t\t<\/div>\n\t\t\t\t\t<\/details>\n\t\t\t\t\t\t<details id=\"e-n-accordion-item-9431\" class=\"e-n-accordion-item\" >\n\t\t\t\t<summary class=\"e-n-accordion-item-title\" data-accordion-index=\"2\" tabindex=\"-1\" aria-expanded=\"false\" aria-controls=\"e-n-accordion-item-9431\" >\n\t\t\t\t\t<span class='e-n-accordion-item-title-header'><div class=\"e-n-accordion-item-title-text\"> Contacta-nos <\/div><\/span>\n\t\t\t\t\t\t\t<span class='e-n-accordion-item-title-icon'>\n\t\t\t<span class='e-opened' ><svg aria-hidden=\"true\" class=\"e-font-icon-svg e-fas-minus\" viewBox=\"0 0 448 512\" xmlns=\"http:\/\/www.w3.org\/2000\/svg\"><path d=\"M416 208H32c-17.67 0-32 14.33-32 32v32c0 17.67 14.33 32 32 32h384c17.67 0 32-14.33 32-32v-32c0-17.67-14.33-32-32-32z\"><\/path><\/svg><\/span>\n\t\t\t<span class='e-closed'><svg aria-hidden=\"true\" class=\"e-font-icon-svg e-fas-plus\" viewBox=\"0 0 448 512\" xmlns=\"http:\/\/www.w3.org\/2000\/svg\"><path d=\"M416 208H272V64c0-17.67-14.33-32-32-32h-32c-17.67 0-32 14.33-32 32v144H32c-17.67 0-32 14.33-32 32v32c0 17.67 14.33 32 32 32h144v144c0 17.67 14.33 32 32 32h32c17.67 0 32-14.33 32-32V304h144c17.67 0 32-14.33 32-32v-32c0-17.67-14.33-32-32-32z\"><\/path><\/svg><\/span>\n\t\t<\/span>\n\n\t\t\t\t\t\t<\/summary>\n\t\t\t\t<div role=\"region\" aria-labelledby=\"e-n-accordion-item-9431\" class=\"elementor-element elementor-element-0c94e2a e-con-full e-flex e-con e-child\" data-id=\"0c94e2a\" data-element_type=\"container\" data-e-type=\"container\">\n\t\t\t\t<div class=\"elementor-element elementor-element-40fd2fc elementor-widget elementor-widget-text-editor\" data-id=\"40fd2fc\" data-element_type=\"widget\" data-e-type=\"widget\" data-widget_type=\"text-editor.default\">\n\t\t\t\t\t\t\t\t\t<p>Para quest\u00f5es sobre esta Pol\u00edtica de Cookies:<\/p><ul><li><strong>Envia um e-mail:<\/strong> <a href=\"mailto:office@chauffeur-services.com\">office@chauffeur-services.com<\/a><\/li><li><strong>Formul\u00e1rio de contacto do s\u00edtio Web:<\/strong> <a href=\"https:\/\/old.www.chauffeur-services.com\/contact\/\">Contacta-nos<\/a><\/li><li><strong>Telefona:<\/strong> +41 44 797 61 24<\/li><\/ul>\t\t\t\t\t\t\t\t<\/div>\n\t\t\t\t<\/div>\n\t\t\t\t\t<\/details>\n\t\t\t\t\t<\/div>\n\t\t\t\t\t\t<\/div>\n\t\t\t\t\t<\/div>\n\t\t\t\t<\/div>\n\t\t\t\t<\/div>\n\t\t","protected":false},"excerpt":{"rendered":"<p>Chauffeurs &amp; Services fornece-te a informa\u00e7\u00e3o legal da sua empresa. Chauffeurs &amp; Services \u00e9 referido abaixo como \"A Empresa\". Pol\u00edtica de cookies \u00daltima atualiza\u00e7\u00e3o: 12 de novembro de 2023 Esta Pol\u00edtica de Cookies explica o que s\u00e3o cookies e como os utilizamos. Ao leres esta pol\u00edtica, compreender\u00e1s os tipos de cookies que utilizamos, as informa\u00e7\u00f5es [&hellip;]<\/p>\n","protected":false},"author":12,"featured_media":53904,"parent":0,"menu_order":0,"comment_status":"closed","ping_status":"closed","template":"","meta":{"_acf_changed":false,"content-type":"","footnotes":""},"class_list":["post-53902","page","type-page","status-publish","has-post-thumbnail","hentry"],"acf":[],"_links":{"self":[{"href":"https:\/\/www.chauffeur-services.com\/pt-pt\/wp-json\/wp\/v2\/pages\/53902","targetHints":{"allow":["GET"]}}],"collection":[{"href":"https:\/\/www.chauffeur-services.com\/pt-pt\/wp-json\/wp\/v2\/pages"}],"about":[{"href":"https:\/\/www.chauffeur-services.com\/pt-pt\/wp-json\/wp\/v2\/types\/page"}],"author":[{"embeddable":true,"href":"https:\/\/www.chauffeur-services.com\/pt-pt\/wp-json\/wp\/v2\/users\/12"}],"replies":[{"embeddable":true,"href":"https:\/\/www.chauffeur-services.com\/pt-pt\/wp-json\/wp\/v2\/comments?post=53902"}],"version-history":[{"count":0,"href":"https:\/\/www.chauffeur-services.com\/pt-pt\/wp-json\/wp\/v2\/pages\/53902\/revisions"}],"wp:featuredmedia":[{"embeddable":true,"href":"https:\/\/www.chauffeur-services.com\/pt-pt\/wp-json\/wp\/v2\/media\/53904"}],"wp:attachment":[{"href":"https:\/\/www.chauffeur-services.com\/pt-pt\/wp-json\/wp\/v2\/media?parent=53902"}],"curies":[{"name":"wp","href":"https:\/\/api.w.org\/{rel}","templated":true}]}}