{"id":191893,"date":"2026-02-24T08:03:33","date_gmt":"2026-02-24T07:03:33","guid":{"rendered":"https:\/\/www.chauffeur-services.com\/?page_id=191893"},"modified":"2026-02-24T10:40:03","modified_gmt":"2026-02-24T09:40:03","slug":"sud-america","status":"publish","type":"page","link":"https:\/\/www.chauffeur-services.com\/it\/sud-america\/","title":{"rendered":"Sud America"},"content":{"rendered":"\t\t<div data-elementor-type=\"wp-page\" data-elementor-id=\"191893\" class=\"elementor elementor-191893 elementor-191889\" data-elementor-post-type=\"page\">\n\t\t\t\t<div class=\"elementor-element elementor-element-0360518 e-flex e-con-boxed e-con e-parent\" data-id=\"0360518\" data-element_type=\"container\" data-e-type=\"container\" data-settings=\"{&quot;background_background&quot;:&quot;classic&quot;}\">\n\t\t\t\t\t<div class=\"e-con-inner\">\n\t\t\t\t<div class=\"elementor-element elementor-element-38e30e0 elementor-align-left elementor-widget elementor-widget-breadcrumbs\" data-id=\"38e30e0\" data-element_type=\"widget\" data-e-type=\"widget\" data-widget_type=\"breadcrumbs.default\">\n\t\t\t\t<div class=\"elementor-widget-container\">\n\t\t\t\t\t<nav aria-label=\"breadcrumbs\" class=\"rank-math-breadcrumb\"><p><span class=\"last\">Casa<\/span><\/p><\/nav>\t\t\t\t<\/div>\n\t\t\t\t<\/div>\n\t\t\t\t<div class=\"elementor-element elementor-element-a141150 elementor-widget elementor-widget-heading\" data-id=\"a141150\" data-element_type=\"widget\" data-e-type=\"widget\" data-widget_type=\"heading.default\">\n\t\t\t\t\t<div class=\"elementor-heading-title elementor-size-default\">Viaggio attraverso la bellezza del Sud America<\/div>\t\t\t\t<\/div>\n\t\t\t\t\t<\/div>\n\t\t\t\t<\/div>\n\t\t<div class=\"elementor-element elementor-element-20ad0b9 e-flex e-con-boxed e-con e-parent\" data-id=\"20ad0b9\" data-element_type=\"container\" data-e-type=\"container\" data-settings=\"{&quot;background_background&quot;:&quot;classic&quot;,&quot;background_motion_fx_motion_fx_mouse&quot;:&quot;yes&quot;}\">\n\t\t\t\t\t<div class=\"e-con-inner\">\n\t\t\t\t<div class=\"elementor-element elementor-element-9963c1a elementor-widget__width-inherit elementor-widget elementor-widget-heading\" data-id=\"9963c1a\" data-element_type=\"widget\" data-e-type=\"widget\" data-widget_type=\"heading.default\">\n\t\t\t\t\t<h2 class=\"elementor-heading-title elementor-size-default\">Scegliamo insieme una destinazione<\/h2>\t\t\t\t<\/div>\n\t\t\t\t<div class=\"elementor-element elementor-element-1196406 elementor-widget elementor-widget-text-editor\" data-id=\"1196406\" data-element_type=\"widget\" data-e-type=\"widget\" data-widget_type=\"text-editor.default\">\n\t\t\t\t\t\t\t\t\t<p>Scopra il Sud America in un comfort raffinato con il nostro <strong>servizio di autista<\/strong> premium <strong>in Sud America<\/strong>, dove i viaggi di lusso incontrano la scoperta culturale. Dai trasferimenti aeroportuali senza soluzione di continuit\u00e0 ai tour delle citt\u00e0 su misura, forniamo un servizio di trasporto executive nelle destinazioni pi\u00f9 iconiche del continente. <\/p><p>Arrivi con stile a Rio de Janeiro, esplori l&#8217;eleganza storica di Buenos Aires o viaggi comodamente tra le alture di Santiago. Che stia visitando l&#8217;incredibile Machu Picchu o partecipando a riunioni aziendali a San Paolo, i nostri autisti professionisti garantiscono puntualit\u00e0, discrezione e un servizio di prima classe. <\/p><p>Il nostro servizio di autista di lusso in Sud America \u00e8 pensato per viaggiatori d&#8217;affari, ospiti VIP e turisti esigenti che si aspettano affidabilit\u00e0, sicurezza e raffinatezza. Scopra la cultura vibrante del continente, i paesaggi drammatici e le capitali cosmopolite, il tutto con il comfort di un&#8217;esperienza privata, con autista executive, personalizzata per il suo viaggio. <\/p>\t\t\t\t\t\t\t\t<\/div>\n\t\t\t\t\t<\/div>\n\t\t\t\t<\/div>\n\t\t<div class=\"elementor-element elementor-element-5145956 e-flex e-con-boxed e-con e-parent\" data-id=\"5145956\" data-element_type=\"container\" data-e-type=\"container\">\n\t\t\t\t\t<div class=\"e-con-inner\">\n\t\t<div class=\"elementor-element elementor-element-8e6b609 e-con-full e-flex e-con e-child\" data-id=\"8e6b609\" data-element_type=\"container\" data-e-type=\"container\">\n\t\t\t\t<div class=\"elementor-element elementor-element-e2076c4 elementor-grid-4 elementor-grid-tablet-2 elementor-grid-mobile-1 elementor-widget elementor-widget-loop-grid\" data-id=\"e2076c4\" data-element_type=\"widget\" data-e-type=\"widget\" data-settings=\"{&quot;template_id&quot;:55169,&quot;columns&quot;:4,&quot;_skin&quot;:&quot;post&quot;,&quot;columns_tablet&quot;:&quot;2&quot;,&quot;columns_mobile&quot;:&quot;1&quot;,&quot;edit_handle_selector&quot;:&quot;[data-elementor-type=\\&quot;loop-item\\&quot;]&quot;,&quot;row_gap&quot;:{&quot;unit&quot;:&quot;px&quot;,&quot;size&quot;:&quot;&quot;,&quot;sizes&quot;:[]},&quot;row_gap_laptop&quot;:{&quot;unit&quot;:&quot;px&quot;,&quot;size&quot;:&quot;&quot;,&quot;sizes&quot;:[]},&quot;row_gap_tablet_extra&quot;:{&quot;unit&quot;:&quot;px&quot;,&quot;size&quot;:&quot;&quot;,&quot;sizes&quot;:[]},&quot;row_gap_tablet&quot;:{&quot;unit&quot;:&quot;px&quot;,&quot;size&quot;:&quot;&quot;,&quot;sizes&quot;:[]},&quot;row_gap_mobile_extra&quot;:{&quot;unit&quot;:&quot;px&quot;,&quot;size&quot;:&quot;&quot;,&quot;sizes&quot;:[]},&quot;row_gap_mobile&quot;:{&quot;unit&quot;:&quot;px&quot;,&quot;size&quot;:&quot;&quot;,&quot;sizes&quot;:[]}}\" data-widget_type=\"loop-grid.post\">\n\t\t\t\t<div class=\"elementor-widget-container\">\n\t\t\t\t\t\t\t<div class=\"elementor-loop-container elementor-grid\" role=\"list\">\n\t\t<style id=\"loop-55169\">.elementor-55169 .elementor-element.elementor-element-2aaf139{--display:flex;--flex-direction:column;--container-widget-width:100%;--container-widget-height:initial;--container-widget-flex-grow:0;--container-widget-align-self:initial;--flex-wrap-mobile:wrap;--justify-content:flex-start;--gap:0px 0px;--row-gap:0px;--column-gap:0px;--padding-top:0px;--padding-bottom:0px;--padding-left:0px;--padding-right:0px;}.elementor-55169 .elementor-element.elementor-element-2aaf139.e-con{--align-self:flex-start;}.elementor-55169 .elementor-element.elementor-element-40c4eb3{--display:flex;--flex-direction:column;--container-widget-width:100%;--container-widget-height:initial;--container-widget-flex-grow:0;--container-widget-align-self:initial;--flex-wrap-mobile:wrap;--justify-content:flex-start;--gap:0px 0px;--row-gap:0px;--column-gap:0px;--border-radius:8px 8px 8px 8px;box-shadow:0px 8px 24px 0px rgba(0, 0, 0, 0.13);--padding-top:0px;--padding-bottom:0px;--padding-left:0px;--padding-right:0px;}.elementor-55169 .elementor-element.elementor-element-5be9cea img{width:100%;max-width:100%;height:288px;object-fit:cover;object-position:center center;filter:brightness( 77% ) contrast( 100% ) saturate( 100% ) blur( 0px ) hue-rotate( 0deg );transition-duration:0.5s;border-radius:8px 8px 0px 0px;}.elementor-55169 .elementor-element.elementor-element-5be9cea:hover img{filter:brightness( 100% ) contrast( 100% ) saturate( 100% ) blur( 0px ) hue-rotate( 0deg );}.elementor-55169 .elementor-element.elementor-element-ec1043f{--display:flex;--flex-direction:column;--container-widget-width:calc( ( 1 - var( --container-widget-flex-grow ) ) * 100% );--container-widget-height:initial;--container-widget-flex-grow:0;--container-widget-align-self:initial;--flex-wrap-mobile:wrap;--justify-content:flex-start;--align-items:stretch;--flex-wrap:wrap;--padding-top:34px;--padding-bottom:34px;--padding-left:26px;--padding-right:26px;}.elementor-55169 .elementor-element.elementor-element-28f7489{text-align:center;width:100%;max-width:100%;}.elementor-55169 .elementor-element.elementor-element-28f7489 .elementor-heading-title{font-size:21px;font-weight:600;}.elementor-55169 .elementor-element.elementor-element-1939203 .elementor-button{fill:var( --e-global-color-fe95d00 );color:var( --e-global-color-fe95d00 );background-color:var( --e-global-color-c7753f6 );transition-duration:0.35s;border-style:solid;border-width:0px 0px 1px 0px;border-color:var( --e-global-color-f35eeee );border-radius:0px 0px 0px 0px;padding:8px 0px 13px 0px;}.elementor-55169 .elementor-element.elementor-element-1939203 .elementor-button:hover, .elementor-55169 .elementor-element.elementor-element-1939203 .elementor-button:focus{color:var( --e-global-color-83707e3 );background-color:var( --e-global-color-c7753f6 );border-color:var( --e-global-color-83707e3 );}.elementor-55169 .elementor-element.elementor-element-1939203 .elementor-button:hover svg, .elementor-55169 .elementor-element.elementor-element-1939203 .elementor-button:focus svg{fill:var( --e-global-color-83707e3 );}@media(max-width:1200px){.elementor-55169 .elementor-element.elementor-element-5be9cea img{height:233px;}.elementor-55169 .elementor-element.elementor-element-28f7489 .elementor-heading-title{font-size:19px;}}@media(max-width:1024px){.elementor-55169 .elementor-element.elementor-element-ec1043f{--padding-top:34px;--padding-bottom:34px;--padding-left:21px;--padding-right:21px;}}@media(max-width:880px){.elementor-55169 .elementor-element.elementor-element-5be9cea img{height:199px;}.elementor-55169 .elementor-element.elementor-element-ec1043f{--flex-direction:column;--container-widget-width:calc( ( 1 - var( --container-widget-flex-grow ) ) * 100% );--container-widget-height:initial;--container-widget-flex-grow:0;--container-widget-align-self:initial;--flex-wrap-mobile:wrap;--justify-content:flex-start;--align-items:center;}.elementor-55169 .elementor-element.elementor-element-28f7489 .elementor-heading-title{font-size:17px;}.elementor-55169 .elementor-element.elementor-element-28f7489.elementor-element{--order:-99999 \/* order start hack *\/;}}@media(max-width:767px){.elementor-55169 .elementor-element.elementor-element-ec1043f{--justify-content:flex-start;--align-items:center;--container-widget-width:calc( ( 1 - var( --container-widget-flex-grow ) ) * 100% );}.elementor-55169 .elementor-element.elementor-element-28f7489.elementor-element{--order:-99999 \/* order start hack *\/;}}\/* Start custom CSS for theme-post-featured-image, class: .elementor-element-5be9cea *\/.elementor-55169 .elementor-element.elementor-element-5be9cea a {\n    width: inherit;\n    display: inherit;\n    height: inherit;\n}\/* End custom CSS *\/\n\/* Start custom CSS for heading, class: .elementor-element-28f7489 *\/.elementor-55169 .elementor-element.elementor-element-28f7489 a {\n    font-weight: inherit;\n    transition: all ease 450ms;\n}\n\n.elementor-55169 .elementor-element.elementor-element-28f7489 a:hover {\n    color: #CFDBD5 !important;\n    transition: all ease 450ms;\n}\/* End custom CSS *\/\n\/* Start custom CSS for container, class: .elementor-element-40c4eb3 *\/.elementor-55169 .elementor-element.elementor-element-40c4eb3 {\n    position: relative;\n}\/* End custom CSS *\/<\/style>\t\t<div data-elementor-type=\"loop-item\" data-elementor-id=\"55169\" class=\"elementor elementor-55169 elementor-20887 elementor-20887 e-loop-item e-loop-item-196151 post-196151 destinations type-destinations status-publish has-post-thumbnail hentry country-argentina\" data-elementor-post-type=\"elementor_library\" data-custom-edit-handle=\"1\">\n\t\t\t<div class=\"elementor-element elementor-element-2aaf139 e-flex e-con-boxed e-con e-parent\" data-id=\"2aaf139\" data-element_type=\"container\" data-e-type=\"container\">\n\t\t\t\t\t<div class=\"e-con-inner\">\n\t\t<div class=\"elementor-element elementor-element-40c4eb3 e-flex e-con-boxed e-con e-child\" data-id=\"40c4eb3\" data-element_type=\"container\" data-e-type=\"container\" data-settings=\"{&quot;background_background&quot;:&quot;classic&quot;}\">\n\t\t\t\t\t<div class=\"e-con-inner\">\n\t\t\t\t<div class=\"elementor-element elementor-element-5be9cea elementor-widget elementor-widget-theme-post-featured-image elementor-widget-image\" data-id=\"5be9cea\" data-element_type=\"widget\" data-e-type=\"widget\" data-widget_type=\"theme-post-featured-image.default\">\n\t\t\t\t\t\t\t\t\t\t\t\t\t\t\t\t<a href=\"https:\/\/www.chauffeur-services.com\/it\/destinations\/argentina\/\">\n\t\t\t\t\t\t\t<img fetchpriority=\"high\" decoding=\"async\" width=\"600\" height=\"400\" src=\"https:\/\/www.chauffeur-services.com\/wp-content\/uploads\/2026\/03\/argentina-flag.webp\" class=\"attachment-full size-full wp-image-196165\" alt=\"Argentina\" title=\"\">\t\t\t\t\t\t\t\t<\/a>\n\t\t\t\t\t\t\t\t\t\t\t\t\t\t\t<\/div>\n\t\t<div class=\"elementor-element elementor-element-ec1043f e-flex e-con-boxed e-con e-child\" data-id=\"ec1043f\" data-element_type=\"container\" data-e-type=\"container\" data-settings=\"{&quot;background_background&quot;:&quot;classic&quot;}\">\n\t\t\t\t\t<div class=\"e-con-inner\">\n\t\t\t\t<div class=\"elementor-element elementor-element-28f7489 elementor-widget__width-inherit elementor-widget elementor-widget-heading\" data-id=\"28f7489\" data-element_type=\"widget\" data-e-type=\"widget\" data-widget_type=\"heading.default\">\n\t\t\t\t\t<h3 class=\"elementor-heading-title elementor-size-default\">Argentina<\/h3>\t\t\t\t<\/div>\n\t\t\t\t<div class=\"elementor-element elementor-element-1939203 elementor-align-center elementor-widget elementor-widget-button\" data-id=\"1939203\" data-element_type=\"widget\" data-e-type=\"widget\" data-widget_type=\"button.default\">\n\t\t\t\t\t\t\t\t\t\t<a class=\"elementor-button elementor-button-link elementor-size-sm\" href=\"https:\/\/www.chauffeur-services.com\/it\/destinations\/argentina\/\">\n\t\t\t\t\t\t<span class=\"elementor-button-content-wrapper\">\n\t\t\t\t\t\t\t\t\t<span class=\"elementor-button-text\">Scoprire<\/span>\n\t\t\t\t\t<\/span>\n\t\t\t\t\t<\/a>\n\t\t\t\t\t\t\t\t<\/div>\n\t\t\t\t\t<\/div>\n\t\t\t\t<\/div>\n\t\t\t\t\t<\/div>\n\t\t\t\t<\/div>\n\t\t\t\t\t<\/div>\n\t\t\t\t<\/div>\n\t\t\t\t<\/div>\n\t\t\t\t<div data-elementor-type=\"loop-item\" data-elementor-id=\"55169\" class=\"elementor elementor-55169 elementor-20887 elementor-20887 e-loop-item e-loop-item-192145 post-192145 destinations type-destinations status-publish has-post-thumbnail hentry country-brazil\" data-elementor-post-type=\"elementor_library\" data-custom-edit-handle=\"1\">\n\t\t\t<div class=\"elementor-element elementor-element-2aaf139 e-flex e-con-boxed e-con e-parent\" data-id=\"2aaf139\" data-element_type=\"container\" data-e-type=\"container\">\n\t\t\t\t\t<div class=\"e-con-inner\">\n\t\t<div class=\"elementor-element elementor-element-40c4eb3 e-flex e-con-boxed e-con e-child\" data-id=\"40c4eb3\" data-element_type=\"container\" data-e-type=\"container\" data-settings=\"{&quot;background_background&quot;:&quot;classic&quot;}\">\n\t\t\t\t\t<div class=\"e-con-inner\">\n\t\t\t\t<div class=\"elementor-element elementor-element-5be9cea elementor-widget elementor-widget-theme-post-featured-image elementor-widget-image\" data-id=\"5be9cea\" data-element_type=\"widget\" data-e-type=\"widget\" data-widget_type=\"theme-post-featured-image.default\">\n\t\t\t\t\t\t\t\t\t\t\t\t\t\t\t\t<a href=\"https:\/\/www.chauffeur-services.com\/it\/destinations\/brasile\/\">\n\t\t\t\t\t\t\t<img decoding=\"async\" width=\"900\" height=\"600\" src=\"https:\/\/www.chauffeur-services.com\/wp-content\/uploads\/2026\/02\/brazil-flag.jpg\" class=\"attachment-full size-full wp-image-192160\" alt=\"Brasile\" srcset=\"https:\/\/www.chauffeur-services.com\/wp-content\/uploads\/2026\/02\/brazil-flag.jpg 900w, https:\/\/www.chauffeur-services.com\/wp-content\/uploads\/2026\/02\/brazil-flag-600x400.jpg 600w, https:\/\/www.chauffeur-services.com\/wp-content\/uploads\/2026\/02\/brazil-flag-768x512.jpg 768w\" sizes=\"(max-width: 900px) 100vw, 900px\" title=\"\">\t\t\t\t\t\t\t\t<\/a>\n\t\t\t\t\t\t\t\t\t\t\t\t\t\t\t<\/div>\n\t\t<div class=\"elementor-element elementor-element-ec1043f e-flex e-con-boxed e-con e-child\" data-id=\"ec1043f\" data-element_type=\"container\" data-e-type=\"container\" data-settings=\"{&quot;background_background&quot;:&quot;classic&quot;}\">\n\t\t\t\t\t<div class=\"e-con-inner\">\n\t\t\t\t<div class=\"elementor-element elementor-element-28f7489 elementor-widget__width-inherit elementor-widget elementor-widget-heading\" data-id=\"28f7489\" data-element_type=\"widget\" data-e-type=\"widget\" data-widget_type=\"heading.default\">\n\t\t\t\t\t<h3 class=\"elementor-heading-title elementor-size-default\">Brasile<\/h3>\t\t\t\t<\/div>\n\t\t\t\t<div class=\"elementor-element elementor-element-1939203 elementor-align-center elementor-widget elementor-widget-button\" data-id=\"1939203\" data-element_type=\"widget\" data-e-type=\"widget\" data-widget_type=\"button.default\">\n\t\t\t\t\t\t\t\t\t\t<a class=\"elementor-button elementor-button-link elementor-size-sm\" href=\"https:\/\/www.chauffeur-services.com\/it\/destinations\/brasile\/\">\n\t\t\t\t\t\t<span class=\"elementor-button-content-wrapper\">\n\t\t\t\t\t\t\t\t\t<span class=\"elementor-button-text\">Scoprire<\/span>\n\t\t\t\t\t<\/span>\n\t\t\t\t\t<\/a>\n\t\t\t\t\t\t\t\t<\/div>\n\t\t\t\t\t<\/div>\n\t\t\t\t<\/div>\n\t\t\t\t\t<\/div>\n\t\t\t\t<\/div>\n\t\t\t\t\t<\/div>\n\t\t\t\t<\/div>\n\t\t\t\t<\/div>\n\t\t\t\t<div data-elementor-type=\"loop-item\" data-elementor-id=\"55169\" class=\"elementor elementor-55169 elementor-20887 elementor-20887 e-loop-item e-loop-item-194902 post-194902 destinations type-destinations status-publish has-post-thumbnail hentry country-colombia\" data-elementor-post-type=\"elementor_library\" data-custom-edit-handle=\"1\">\n\t\t\t<div class=\"elementor-element elementor-element-2aaf139 e-flex e-con-boxed e-con e-parent\" data-id=\"2aaf139\" data-element_type=\"container\" data-e-type=\"container\">\n\t\t\t\t\t<div class=\"e-con-inner\">\n\t\t<div class=\"elementor-element elementor-element-40c4eb3 e-flex e-con-boxed e-con e-child\" data-id=\"40c4eb3\" data-element_type=\"container\" data-e-type=\"container\" data-settings=\"{&quot;background_background&quot;:&quot;classic&quot;}\">\n\t\t\t\t\t<div class=\"e-con-inner\">\n\t\t\t\t<div class=\"elementor-element elementor-element-5be9cea elementor-widget elementor-widget-theme-post-featured-image elementor-widget-image\" data-id=\"5be9cea\" data-element_type=\"widget\" data-e-type=\"widget\" data-widget_type=\"theme-post-featured-image.default\">\n\t\t\t\t\t\t\t\t\t\t\t\t\t\t\t\t<a href=\"https:\/\/www.chauffeur-services.com\/it\/destinations\/colombia\/\">\n\t\t\t\t\t\t\t<img decoding=\"async\" width=\"800\" height=\"533\" src=\"https:\/\/www.chauffeur-services.com\/wp-content\/uploads\/2026\/03\/colombia-flag.png\" class=\"attachment-full size-full wp-image-194917\" alt=\"Colombia\" srcset=\"https:\/\/www.chauffeur-services.com\/wp-content\/uploads\/2026\/03\/colombia-flag.png 800w, https:\/\/www.chauffeur-services.com\/wp-content\/uploads\/2026\/03\/colombia-flag-600x400.png 600w, https:\/\/www.chauffeur-services.com\/wp-content\/uploads\/2026\/03\/colombia-flag-768x512.png 768w\" sizes=\"(max-width: 800px) 100vw, 800px\" title=\"\">\t\t\t\t\t\t\t\t<\/a>\n\t\t\t\t\t\t\t\t\t\t\t\t\t\t\t<\/div>\n\t\t<div class=\"elementor-element elementor-element-ec1043f e-flex e-con-boxed e-con e-child\" data-id=\"ec1043f\" data-element_type=\"container\" data-e-type=\"container\" data-settings=\"{&quot;background_background&quot;:&quot;classic&quot;}\">\n\t\t\t\t\t<div class=\"e-con-inner\">\n\t\t\t\t<div class=\"elementor-element elementor-element-28f7489 elementor-widget__width-inherit elementor-widget elementor-widget-heading\" data-id=\"28f7489\" data-element_type=\"widget\" data-e-type=\"widget\" data-widget_type=\"heading.default\">\n\t\t\t\t\t<h3 class=\"elementor-heading-title elementor-size-default\">Colombia<\/h3>\t\t\t\t<\/div>\n\t\t\t\t<div class=\"elementor-element elementor-element-1939203 elementor-align-center elementor-widget elementor-widget-button\" data-id=\"1939203\" data-element_type=\"widget\" data-e-type=\"widget\" data-widget_type=\"button.default\">\n\t\t\t\t\t\t\t\t\t\t<a class=\"elementor-button elementor-button-link elementor-size-sm\" href=\"https:\/\/www.chauffeur-services.com\/it\/destinations\/colombia\/\">\n\t\t\t\t\t\t<span class=\"elementor-button-content-wrapper\">\n\t\t\t\t\t\t\t\t\t<span class=\"elementor-button-text\">Scoprire<\/span>\n\t\t\t\t\t<\/span>\n\t\t\t\t\t<\/a>\n\t\t\t\t\t\t\t\t<\/div>\n\t\t\t\t\t<\/div>\n\t\t\t\t<\/div>\n\t\t\t\t\t<\/div>\n\t\t\t\t<\/div>\n\t\t\t\t\t<\/div>\n\t\t\t\t<\/div>\n\t\t\t\t<\/div>\n\t\t\t\t<\/div>\n\t\t\n\t\t\t\t\t\t<\/div>\n\t\t\t\t<\/div>\n\t\t\t\t<\/div>\n\t\t\t\t\t<\/div>\n\t\t\t\t<\/div>\n\t\t\t\t<\/div>\n\t\t","protected":false},"excerpt":{"rendered":"<p>Scegli una destinazione in Medio Oriente Scegliamo insieme una destinazione Scopri il Medio Oriente in tutta la sua ricchezza, dove la tradizione incontra la sofisticatezza moderna. Dall&#8217;intramontabile fascino di Petra e i deserti dorati dell&#8217;Arabia alle meraviglie architettoniche di Dubai, Doha e Riyadh, immergiti in una terra ricca di storia e grandiosit\u00e0. Prosegui verso i vivaci souk di Marrakech, le tranquille rive del Mar Rosso e i tesori culturali del Cairo, dove l&#8217;eleganza e il patrimonio si intrecciano senza sforzo.<\/p>\n","protected":false},"author":12,"featured_media":152828,"parent":0,"menu_order":0,"comment_status":"closed","ping_status":"closed","template":"","meta":{"_acf_changed":false,"content-type":"","footnotes":""},"class_list":["post-191893","page","type-page","status-publish","has-post-thumbnail","hentry"],"acf":[],"_links":{"self":[{"href":"https:\/\/www.chauffeur-services.com\/it\/wp-json\/wp\/v2\/pages\/191893","targetHints":{"allow":["GET"]}}],"collection":[{"href":"https:\/\/www.chauffeur-services.com\/it\/wp-json\/wp\/v2\/pages"}],"about":[{"href":"https:\/\/www.chauffeur-services.com\/it\/wp-json\/wp\/v2\/types\/page"}],"author":[{"embeddable":true,"href":"https:\/\/www.chauffeur-services.com\/it\/wp-json\/wp\/v2\/users\/12"}],"replies":[{"embeddable":true,"href":"https:\/\/www.chauffeur-services.com\/it\/wp-json\/wp\/v2\/comments?post=191893"}],"version-history":[{"count":0,"href":"https:\/\/www.chauffeur-services.com\/it\/wp-json\/wp\/v2\/pages\/191893\/revisions"}],"wp:featuredmedia":[{"embeddable":true,"href":"https:\/\/www.chauffeur-services.com\/it\/wp-json\/wp\/v2\/media\/152828"}],"wp:attachment":[{"href":"https:\/\/www.chauffeur-services.com\/it\/wp-json\/wp\/v2\/media?parent=191893"}],"curies":[{"name":"wp","href":"https:\/\/api.w.org\/{rel}","templated":true}]}}