{"id":53954,"date":"2024-11-18T17:03:31","date_gmt":"2024-11-18T16:03:31","guid":{"rendered":"https:\/\/new.www.chauffeur-services.com\/cookies\/"},"modified":"2025-08-22T09:08:41","modified_gmt":"2025-08-22T07:08:41","slug":"cookies","status":"publish","type":"page","link":"https:\/\/www.chauffeur-services.com\/fr\/cookies\/","title":{"rendered":"Cookies"},"content":{"rendered":"\t\t<div data-elementor-type=\"wp-page\" data-elementor-id=\"53954\" class=\"elementor elementor-53954 elementor-887\" data-elementor-post-type=\"page\">\n\t\t\t\t<div class=\"elementor-element elementor-element-7e1f6aa e-con-full e-flex e-con e-parent\" data-id=\"7e1f6aa\" data-element_type=\"container\" data-e-type=\"container\">\n\t\t\t\t<div class=\"elementor-element elementor-element-8f0ecf4 elementor-widget elementor-widget-shortcode\" data-id=\"8f0ecf4\" data-element_type=\"widget\" data-e-type=\"widget\" data-widget_type=\"shortcode.default\">\n\t\t\t\t\t\t\t<div class=\"elementor-shortcode\">\t\t<div data-elementor-type=\"container\" data-elementor-id=\"54445\" class=\"elementor elementor-54445 elementor-150 elementor-150\" data-elementor-post-type=\"elementor_library\">\n\t\t\t\t<div class=\"elementor-element elementor-element-4cea5e52 e-flex e-con-boxed e-con e-parent\" data-id=\"4cea5e52\" data-element_type=\"container\" data-e-type=\"container\" data-settings=\"{&quot;background_background&quot;:&quot;classic&quot;}\">\n\t\t\t\t\t<div class=\"e-con-inner\">\n\t\t\t\t<div class=\"elementor-element elementor-element-681f125e elementor-align-left elementor-widget elementor-widget-breadcrumbs\" data-id=\"681f125e\" data-element_type=\"widget\" data-e-type=\"widget\" data-widget_type=\"breadcrumbs.default\">\n\t\t\t\t<div class=\"elementor-widget-container\">\n\t\t\t\t\t<nav aria-label=\"breadcrumbs\" class=\"rank-math-breadcrumb\"><p><span class=\"last\">Accueil<\/span><\/p><\/nav>\t\t\t\t<\/div>\n\t\t\t\t<\/div>\n\t\t\t\t<div class=\"elementor-element elementor-element-559b15b7 elementor-widget elementor-widget-heading\" data-id=\"559b15b7\" data-element_type=\"widget\" data-e-type=\"widget\" data-widget_type=\"heading.default\">\n\t\t\t\t\t<div class=\"elementor-heading-title elementor-size-default\">Politique en mati\u00e8re de cookies - Chauffeurs et services<\/div>\t\t\t\t<\/div>\n\t\t\t\t\t<\/div>\n\t\t\t\t<\/div>\n\t\t\t\t<\/div>\n\t\t<\/div>\n\t\t\t\t\t\t<\/div>\n\t\t\t\t<\/div>\n\t\t<div class=\"elementor-element elementor-element-9e799e2 e-flex e-con-boxed e-con e-parent\" data-id=\"9e799e2\" data-element_type=\"container\" data-e-type=\"container\">\n\t\t\t\t\t<div class=\"e-con-inner\">\n\t\t\t\t<div class=\"elementor-element elementor-element-5db71a8 elementor-widget elementor-widget-text-editor\" data-id=\"5db71a8\" data-element_type=\"widget\" data-e-type=\"widget\" data-widget_type=\"text-editor.default\">\n\t\t\t\t\t\t\t\t\t<p>Chauffeurs &amp; Services vous fournit les informations juridiques de son entreprise. Chauffeurs &amp; Services est d\u00e9sign\u00e9e ci-dessous comme \"l&rsquo;entreprise\". <\/p>\t\t\t\t\t\t\t\t<\/div>\n\t\t\t\t<div class=\"elementor-element elementor-element-59f5a33 elementor-widget elementor-widget-n-accordion\" data-id=\"59f5a33\" data-element_type=\"widget\" data-e-type=\"widget\" data-settings=\"{&quot;n_accordion_animation_duration&quot;:{&quot;unit&quot;:&quot;ms&quot;,&quot;size&quot;:&quot;350&quot;,&quot;sizes&quot;:[]},&quot;default_state&quot;:&quot;expanded&quot;,&quot;max_items_expended&quot;:&quot;one&quot;}\" data-widget_type=\"nested-accordion.default\">\n\t\t\t\t\t\t\t<div class=\"e-n-accordion\" aria-label=\"Accordion. Open links with Enter or Space, close with Escape, and navigate with Arrow Keys\">\n\t\t\t\t\t\t<details id=\"e-n-accordion-item-9430\" class=\"e-n-accordion-item\" open>\n\t\t\t\t<summary class=\"e-n-accordion-item-title\" data-accordion-index=\"1\" tabindex=\"0\" aria-expanded=\"true\" aria-controls=\"e-n-accordion-item-9430\" >\n\t\t\t\t\t<span class='e-n-accordion-item-title-header'><div class=\"e-n-accordion-item-title-text\"> Politique en mati\u00e8re de cookies <\/div><\/span>\n\t\t\t\t\t\t\t<span class='e-n-accordion-item-title-icon'>\n\t\t\t<span class='e-opened' ><svg aria-hidden=\"true\" class=\"e-font-icon-svg e-fas-minus\" viewBox=\"0 0 448 512\" xmlns=\"http:\/\/www.w3.org\/2000\/svg\"><path d=\"M416 208H32c-17.67 0-32 14.33-32 32v32c0 17.67 14.33 32 32 32h384c17.67 0 32-14.33 32-32v-32c0-17.67-14.33-32-32-32z\"><\/path><\/svg><\/span>\n\t\t\t<span class='e-closed'><svg aria-hidden=\"true\" class=\"e-font-icon-svg e-fas-plus\" viewBox=\"0 0 448 512\" xmlns=\"http:\/\/www.w3.org\/2000\/svg\"><path d=\"M416 208H272V64c0-17.67-14.33-32-32-32h-32c-17.67 0-32 14.33-32 32v144H32c-17.67 0-32 14.33-32 32v32c0 17.67 14.33 32 32 32h144v144c0 17.67 14.33 32 32 32h32c17.67 0 32-14.33 32-32V304h144c17.67 0 32-14.33 32-32v-32c0-17.67-14.33-32-32-32z\"><\/path><\/svg><\/span>\n\t\t<\/span>\n\n\t\t\t\t\t\t<\/summary>\n\t\t\t\t<div role=\"region\" aria-labelledby=\"e-n-accordion-item-9430\" class=\"elementor-element elementor-element-708de6e e-con-full e-flex e-con e-child\" data-id=\"708de6e\" data-element_type=\"container\" data-e-type=\"container\">\n\t\t\t\t<div class=\"elementor-element elementor-element-c29529d elementor-widget elementor-widget-text-editor\" data-id=\"c29529d\" data-element_type=\"widget\" data-e-type=\"widget\" data-widget_type=\"text-editor.default\">\n\t\t\t\t\t\t\t\t\t<p><strong>Derni\u00e8re mise \u00e0 jour :<\/strong> 12 novembre 2023<\/p><p>La pr\u00e9sente politique en mati\u00e8re de cookies explique ce que sont les cookies et comment nous les utilisons. En lisant cette politique, vous comprendrez les types de cookies que nous utilisons, les informations que nous collectons gr\u00e2ce aux cookies et la mani\u00e8re dont ces informations sont utilis\u00e9es. <\/p><p><strong>Remarque :<\/strong> les cookies ne contiennent g\u00e9n\u00e9ralement pas d&rsquo;informations personnellement identifiables. Toutefois, les informations personnelles que nous stockons peuvent \u00eatre li\u00e9es aux donn\u00e9es collect\u00e9es par les cookies. Pour plus de d\u00e9tails sur la mani\u00e8re dont nous g\u00e9rons vos donn\u00e9es personnelles, consultez notre <a href=\"https:\/\/chatgpt.com\/c\/677e81f3-a420-8013-b363-015fe7fc488c\" target=\"_blank\" rel=\"noopener\">politique de confidentialit\u00e9<\/a>.  <\/p><p>Nous ne stockons pas d&rsquo;informations sensibles, telles que des adresses postales ou des mots de passe, dans les cookies.<\/p><p><strong>D\u00e9finitions<\/strong><\/p><ul><li><strong>Soci\u00e9t\u00e9 :<\/strong> D\u00e9signe Chauffeurs &amp; Services CF GmbH, F\u00e4rberstrasse 4, 8832 Wollerau, Suisse, \u00e9galement d\u00e9sign\u00e9e par \"Nous\", \"Notre\" ou \"Nos\".<\/li><li><strong>Cookies :<\/strong> Petits fichiers plac\u00e9s sur votre appareil par un site web, stockant des d\u00e9tails sur votre activit\u00e9 de navigation \u00e0 des fins diverses.<\/li><li><strong>Site web :<\/strong> Renvoie \u00e0 Chauffeurs &amp; Services, accessible \u00e0 l&rsquo;<a href=\"https:\/\/new.www.chauffeur-services.com\">adresse https:\/\/new.www.chauffeur-services.com<\/a>.<\/li><li><strong>Vous :<\/strong> La personne ou l&rsquo;entit\u00e9 qui acc\u00e8de au site web ou qui l&rsquo;utilise.<\/li><\/ul><p><strong>Types de cookies que nous utilisons<\/strong><\/p><ol><li><strong>Cookies n\u00e9cessaires \/ essentiels<\/strong><ul><li><strong>Type :<\/strong> Cookies de session<\/li><li><strong>Administr\u00e9 par :<\/strong> Nous<\/li><li><strong>Objet :<\/strong><ul><li>Permettre au site Web de fonctionner correctement.<\/li><li>Authentifier les utilisateurs et emp\u00eacher l&rsquo;utilisation frauduleuse des comptes.<\/li><li>fournir les services essentiels que vous avez demand\u00e9s.<\/li><li>Sans ces cookies, certaines fonctionnalit\u00e9s peuvent ne pas fonctionner.<\/li><\/ul><\/li><\/ul><\/li><li><strong>Cookies de fonctionnalit\u00e9<\/strong><ul><li><strong>Type :<\/strong> Cookies persistants<\/li><li><strong>Administr\u00e9 par :<\/strong> Nous<\/li><li><strong>Objet :<\/strong><ul><li>M\u00e9moriser des choix, tels que les donn\u00e9es de connexion ou les pr\u00e9f\u00e9rences linguistiques.<\/li><li>Am\u00e9liorez l&rsquo;exp\u00e9rience de l&rsquo;utilisateur en \u00e9liminant la n\u00e9cessit\u00e9 de ressaisir les pr\u00e9f\u00e9rences.<\/li><\/ul><\/li><\/ul><\/li><\/ol><p><strong>Vos choix concernant les cookies<\/strong><\/p><p>Vous pouvez g\u00e9rer ou d\u00e9sactiver les cookies de la mani\u00e8re suivante :<\/p><ol><li><strong>D\u00e9sactivez les cookies dans votre navigateur :<\/strong><br>Ajustez les param\u00e8tres de votre navigateur pour emp\u00eacher l&rsquo;installation de cookies.<\/li><li><strong>Supprimer les cookies :<\/strong><br>Supprimez les cookies existants par le biais des param\u00e8tres de votre navigateur. Notez toutefois que certaines fonctionnalit\u00e9s du site web peuvent ne pas fonctionner correctement sans cookies. <\/li><\/ol><p>Pour obtenir des instructions sur la gestion des cookies dans des navigateurs sp\u00e9cifiques :<\/p><ul><li><strong>Google Chrome :<\/strong> <a href=\"https:\/\/support.google.com\/accounts\/answer\/32050\" target=\"_blank\" rel=\"noopener\">Consultez l&rsquo;assistance Google<\/a><\/li><li><strong>Internet Explorer :<\/strong> <a href=\"http:\/\/support.microsoft.com\/kb\/278835\" target=\"_blank\" rel=\"noopener\">Visitez le site Microsoft Support<\/a><\/li><li><strong>Mozilla Firefox :<\/strong> <a href=\"https:\/\/support.mozilla.org\/en-US\/kb\/delete-cookies-remove-info-websites-stored\" target=\"_blank\" rel=\"noopener\">Visitez le site Mozilla Support<\/a><\/li><li><strong>Apple Safari :<\/strong> <a href=\"https:\/\/support.apple.com\/guide\/safari\/manage-cookies-and-website-data-sfri11471\/mac\" target=\"_blank\" rel=\"noopener\">Visitez le site Apple Support<\/a><\/li><\/ul><p>Pour les autres navigateurs, reportez-vous \u00e0 leurs pages d&rsquo;assistance officielles.<\/p><p><strong>En savoir plus sur les cookies<\/strong><\/p><p>Pour comprendre les cookies en d\u00e9tail, visitez le site : <a href=\"https:\/\/www.allaboutcookies.org\/\" target=\"_blank\" rel=\"noopener\">Tout sur les cookies<\/a>.<\/p>\t\t\t\t\t\t\t\t<\/div>\n\t\t\t\t<\/div>\n\t\t\t\t\t<\/details>\n\t\t\t\t\t\t<details id=\"e-n-accordion-item-9431\" class=\"e-n-accordion-item\" >\n\t\t\t\t<summary class=\"e-n-accordion-item-title\" data-accordion-index=\"2\" tabindex=\"-1\" aria-expanded=\"false\" aria-controls=\"e-n-accordion-item-9431\" >\n\t\t\t\t\t<span class='e-n-accordion-item-title-header'><div class=\"e-n-accordion-item-title-text\"> Contactez nous <\/div><\/span>\n\t\t\t\t\t\t\t<span class='e-n-accordion-item-title-icon'>\n\t\t\t<span class='e-opened' ><svg aria-hidden=\"true\" class=\"e-font-icon-svg e-fas-minus\" viewBox=\"0 0 448 512\" xmlns=\"http:\/\/www.w3.org\/2000\/svg\"><path d=\"M416 208H32c-17.67 0-32 14.33-32 32v32c0 17.67 14.33 32 32 32h384c17.67 0 32-14.33 32-32v-32c0-17.67-14.33-32-32-32z\"><\/path><\/svg><\/span>\n\t\t\t<span class='e-closed'><svg aria-hidden=\"true\" class=\"e-font-icon-svg e-fas-plus\" viewBox=\"0 0 448 512\" xmlns=\"http:\/\/www.w3.org\/2000\/svg\"><path d=\"M416 208H272V64c0-17.67-14.33-32-32-32h-32c-17.67 0-32 14.33-32 32v144H32c-17.67 0-32 14.33-32 32v32c0 17.67 14.33 32 32 32h144v144c0 17.67 14.33 32 32 32h32c17.67 0 32-14.33 32-32V304h144c17.67 0 32-14.33 32-32v-32c0-17.67-14.33-32-32-32z\"><\/path><\/svg><\/span>\n\t\t<\/span>\n\n\t\t\t\t\t\t<\/summary>\n\t\t\t\t<div role=\"region\" aria-labelledby=\"e-n-accordion-item-9431\" class=\"elementor-element elementor-element-0c94e2a e-con-full e-flex e-con e-child\" data-id=\"0c94e2a\" data-element_type=\"container\" data-e-type=\"container\">\n\t\t\t\t<div class=\"elementor-element elementor-element-40fd2fc elementor-widget elementor-widget-text-editor\" data-id=\"40fd2fc\" data-element_type=\"widget\" data-e-type=\"widget\" data-widget_type=\"text-editor.default\">\n\t\t\t\t\t\t\t\t\t<p>Pour toute question concernant la pr\u00e9sente politique en mati\u00e8re de cookies :<\/p><ul><li><strong>Courriel :<\/strong> <a href=\"mailto:office@chauffeur-services.com\">office@chauffeur-services.com<\/a><\/li><li><strong>Formulaire de contact du site web :<\/strong> <a href=\"https:\/\/old.www.chauffeur-services.com\/contact\/\">Contactez-nous<\/a><\/li><li><strong>T\u00e9l\u00e9phone : +41 44 797 61 24<\/strong> +41 44 797 61 24<\/li><\/ul>\t\t\t\t\t\t\t\t<\/div>\n\t\t\t\t<\/div>\n\t\t\t\t\t<\/details>\n\t\t\t\t\t<\/div>\n\t\t\t\t\t\t<\/div>\n\t\t\t\t\t<\/div>\n\t\t\t\t<\/div>\n\t\t\t\t<\/div>\n\t\t","protected":false},"excerpt":{"rendered":"<p>Chauffeurs &amp; Services vous fournit les informations juridiques de son entreprise. Chauffeurs &amp; Services est d\u00e9sign\u00e9e ci-dessous comme \"l&rsquo;entreprise\". Politique en mati\u00e8re de cookies Derni\u00e8re mise \u00e0 jour : 12 novembre 2023 La pr\u00e9sente politique en mati\u00e8re de cookies explique ce que sont les cookies et comment nous les utilisons. En lisant cette politique, vous [&hellip;]<\/p>\n","protected":false},"author":12,"featured_media":50715,"parent":0,"menu_order":0,"comment_status":"closed","ping_status":"closed","template":"","meta":{"_acf_changed":false,"content-type":"","footnotes":""},"class_list":["post-53954","page","type-page","status-publish","has-post-thumbnail","hentry"],"acf":[],"_links":{"self":[{"href":"https:\/\/www.chauffeur-services.com\/fr\/wp-json\/wp\/v2\/pages\/53954","targetHints":{"allow":["GET"]}}],"collection":[{"href":"https:\/\/www.chauffeur-services.com\/fr\/wp-json\/wp\/v2\/pages"}],"about":[{"href":"https:\/\/www.chauffeur-services.com\/fr\/wp-json\/wp\/v2\/types\/page"}],"author":[{"embeddable":true,"href":"https:\/\/www.chauffeur-services.com\/fr\/wp-json\/wp\/v2\/users\/12"}],"replies":[{"embeddable":true,"href":"https:\/\/www.chauffeur-services.com\/fr\/wp-json\/wp\/v2\/comments?post=53954"}],"version-history":[{"count":0,"href":"https:\/\/www.chauffeur-services.com\/fr\/wp-json\/wp\/v2\/pages\/53954\/revisions"}],"wp:featuredmedia":[{"embeddable":true,"href":"https:\/\/www.chauffeur-services.com\/fr\/wp-json\/wp\/v2\/media\/50715"}],"wp:attachment":[{"href":"https:\/\/www.chauffeur-services.com\/fr\/wp-json\/wp\/v2\/media?parent=53954"}],"curies":[{"name":"wp","href":"https:\/\/api.w.org\/{rel}","templated":true}]}}