{"id":53996,"date":"2024-11-19T10:09:12","date_gmt":"2024-11-19T09:09:12","guid":{"rendered":"https:\/\/new.www.chauffeur-services.com\/preguntas-frecuentes\/"},"modified":"2025-05-01T09:29:44","modified_gmt":"2025-05-01T07:29:44","slug":"preguntas-frecuentes","status":"publish","type":"page","link":"https:\/\/www.chauffeur-services.com\/es\/preguntas-frecuentes\/","title":{"rendered":"PREGUNTAS FRECUENTES"},"content":{"rendered":"\t\t<div data-elementor-type=\"wp-page\" data-elementor-id=\"53996\" class=\"elementor elementor-53996\" data-elementor-post-type=\"page\">\n\t\t\t\t<div class=\"elementor-element elementor-element-7e1f6aa e-con-full e-flex e-con e-parent\" data-id=\"7e1f6aa\" data-element_type=\"container\" data-e-type=\"container\">\n\t\t\t\t<div class=\"elementor-element elementor-element-8f0ecf4 elementor-widget elementor-widget-shortcode\" data-id=\"8f0ecf4\" data-element_type=\"widget\" data-e-type=\"widget\" data-widget_type=\"shortcode.default\">\n\t\t\t\t\t\t\t<div class=\"elementor-shortcode\">\t\t<div data-elementor-type=\"container\" data-elementor-id=\"54338\" class=\"elementor elementor-54338 elementor-150 elementor-150\" data-elementor-post-type=\"elementor_library\">\n\t\t\t\t<div class=\"elementor-element elementor-element-4cea5e52 e-flex e-con-boxed e-con e-parent\" data-id=\"4cea5e52\" data-element_type=\"container\" data-e-type=\"container\" data-settings=\"{&quot;background_background&quot;:&quot;classic&quot;}\">\n\t\t\t\t\t<div class=\"e-con-inner\">\n\t\t\t\t<div class=\"elementor-element elementor-element-681f125e elementor-align-left elementor-widget elementor-widget-breadcrumbs\" data-id=\"681f125e\" data-element_type=\"widget\" data-e-type=\"widget\" data-widget_type=\"breadcrumbs.default\">\n\t\t\t\t<div class=\"elementor-widget-container\">\n\t\t\t\t\t<nav aria-label=\"breadcrumbs\" class=\"rank-math-breadcrumb\"><p><span class=\"last\">Inicio<\/span><\/p><\/nav>\t\t\t\t<\/div>\n\t\t\t\t<\/div>\n\t\t\t\t<div class=\"elementor-element elementor-element-559b15b7 elementor-widget elementor-widget-heading\" data-id=\"559b15b7\" data-element_type=\"widget\" data-e-type=\"widget\" data-widget_type=\"heading.default\">\n\t\t\t\t\t<div class=\"elementor-heading-title elementor-size-default\">FAQ - Respuestas a tus preguntas sobre Conductores y Servicios<\/div>\t\t\t\t<\/div>\n\t\t\t\t\t<\/div>\n\t\t\t\t<\/div>\n\t\t\t\t<\/div>\n\t\t<\/div>\n\t\t\t\t\t\t<\/div>\n\t\t\t\t<\/div>\n\t\t<div class=\"elementor-element elementor-element-3d043d6 e-flex e-con-boxed e-con e-parent\" data-id=\"3d043d6\" data-element_type=\"container\" data-e-type=\"container\">\n\t\t\t\t\t<div class=\"e-con-inner\">\n\t\t\t\t<div class=\"elementor-element elementor-element-bc9d282 elementor-widget elementor-widget-text-editor\" data-id=\"bc9d282\" data-element_type=\"widget\" data-e-type=\"widget\" data-widget_type=\"text-editor.default\">\n\t\t\t\t\t\t\t\t\t<p>Chauffeurs &amp; Services le proporciona sus preguntas m\u00e1s frecuentes.<\/p>\t\t\t\t\t\t\t\t<\/div>\n\t\t\t\t<div class=\"elementor-element elementor-element-703823e elementor-widget elementor-widget-n-accordion\" data-id=\"703823e\" data-element_type=\"widget\" data-e-type=\"widget\" data-settings=\"{&quot;n_accordion_animation_duration&quot;:{&quot;unit&quot;:&quot;ms&quot;,&quot;size&quot;:&quot;350&quot;,&quot;sizes&quot;:[]},&quot;default_state&quot;:&quot;expanded&quot;,&quot;max_items_expended&quot;:&quot;one&quot;}\" data-widget_type=\"nested-accordion.default\">\n\t\t\t\t\t\t\t<div class=\"e-n-accordion\" aria-label=\"Accordion. Open links with Enter or Space, close with Escape, and navigate with Arrow Keys\">\n\t\t\t\t\t\t<details id=\"e-n-accordion-item-1170\" class=\"e-n-accordion-item\" open>\n\t\t\t\t<summary class=\"e-n-accordion-item-title\" data-accordion-index=\"1\" tabindex=\"0\" aria-expanded=\"true\" aria-controls=\"e-n-accordion-item-1170\" >\n\t\t\t\t\t<span class='e-n-accordion-item-title-header'><div class=\"e-n-accordion-item-title-text\"> Preguntas generales <\/div><\/span>\n\t\t\t\t\t\t\t<span class='e-n-accordion-item-title-icon'>\n\t\t\t<span class='e-opened' ><svg aria-hidden=\"true\" class=\"e-font-icon-svg e-fas-minus\" viewBox=\"0 0 448 512\" xmlns=\"http:\/\/www.w3.org\/2000\/svg\"><path d=\"M416 208H32c-17.67 0-32 14.33-32 32v32c0 17.67 14.33 32 32 32h384c17.67 0 32-14.33 32-32v-32c0-17.67-14.33-32-32-32z\"><\/path><\/svg><\/span>\n\t\t\t<span class='e-closed'><svg aria-hidden=\"true\" class=\"e-font-icon-svg e-fas-plus\" viewBox=\"0 0 448 512\" xmlns=\"http:\/\/www.w3.org\/2000\/svg\"><path d=\"M416 208H272V64c0-17.67-14.33-32-32-32h-32c-17.67 0-32 14.33-32 32v144H32c-17.67 0-32 14.33-32 32v32c0 17.67 14.33 32 32 32h144v144c0 17.67 14.33 32 32 32h32c17.67 0 32-14.33 32-32V304h144c17.67 0 32-14.33 32-32v-32c0-17.67-14.33-32-32-32z\"><\/path><\/svg><\/span>\n\t\t<\/span>\n\n\t\t\t\t\t\t<\/summary>\n\t\t\t\t<div role=\"region\" aria-labelledby=\"e-n-accordion-item-1170\" class=\"elementor-element elementor-element-fd532c3 e-con-full e-flex e-con e-child\" data-id=\"fd532c3\" data-element_type=\"container\" data-e-type=\"container\">\n\t\t\t\t<div class=\"elementor-element elementor-element-e5e0ce0 elementor-widget elementor-widget-text-editor\" data-id=\"e5e0ce0\" data-element_type=\"widget\" data-e-type=\"widget\" data-widget_type=\"text-editor.default\">\n\t\t\t\t\t\t\t\t\t<p><strong>\u00bfQu\u00e9 zonas atiendes?<\/strong><\/p><p>Con Chauffeurs &amp; Services, puede reservar un traslado en todos los pa\u00edses de Europa y Estados Unidos. Pronto habr\u00e1 nuevos destinos disponibles. <\/p><p><strong>\u00bfCu\u00e1l es tu horario de apertura?<\/strong><\/p><p>Estamos disponibles 24 horas al d\u00eda, 365 d\u00edas al a\u00f1o. Para solicitudes especiales, nuestra oficina est\u00e1 abierta de 6.00 h (hora de Z\u00farich) a 23.00 h. <\/p><p><strong>\u00bfC\u00f3mo puedo reservar un veh\u00edculo con conductor privado?<\/strong><\/p><p>Puedes reservar un veh\u00edculo con conductor directamente en nuestro sitio web a trav\u00e9s del siguiente enlace: Reserva. Tendr\u00e1s que indicar la direcci\u00f3n de recogida, la direcci\u00f3n de llegada, la fecha y la hora de recogida. Si te recogen en una estaci\u00f3n de tren o en un aeropuerto, deber\u00e1s indicar el n\u00famero de vuelo o de tren. Nuestro sistema te mostrar\u00e1 entonces el precio por veh\u00edculo y un resumen de tu itinerario. Elige el veh\u00edculo que te convenga, introduce tus datos personales y procede al pago. Tu coche con conductor quedar\u00e1 reservado.     <\/p><p data-start=\"136\" data-end=\"228\"><strong data-start=\"143\" data-end=\"228\">\u00bfD\u00f3nde puedo encontrar la informaci\u00f3n sobre el conductor?<\/strong><\/p><ul data-start=\"812\" data-end=\"958\"><li class=\"\" data-start=\"229\" data-end=\"381\"><p class=\"\" data-start=\"231\" data-end=\"381\"><strong data-start=\"231\" data-end=\"253\">Correo electr\u00f3nico de confirmaci\u00f3n<\/strong>: Normalmente, despu\u00e9s de reservar, recibe un correo electr\u00f3nico de confirmaci\u00f3n que incluye el nombre del conductor, el n\u00famero de tel\u00e9fono y los datos del veh\u00edculo.<\/p><\/li><li class=\"\" data-start=\"382\" data-end=\"525\"><p class=\"\" data-start=\"384\" data-end=\"525\"><strong data-start=\"384\" data-end=\"408\">Portal del cliente o app<\/strong>: Algunas empresas proporcionan un \u00e1rea de acceso (o una app) donde puede ver los detalles de su viaje, incluida la informaci\u00f3n sobre el conductor.<\/p><\/li><li class=\"\" data-start=\"526\" data-end=\"749\"><p class=\"\" data-start=\"528\" data-end=\"749\"><strong data-start=\"528\" data-end=\"556\">P\u00f3ngase en contacto con el servicio de atenci\u00f3n al cliente<\/strong>: Puede enviar un correo electr\u00f3nico o llamar a la oficina de la empresa y solicitar la informaci\u00f3n del conductor.<\/p><\/li><li class=\"\" data-start=\"812\" data-end=\"958\"><p class=\"\" data-start=\"814\" data-end=\"958\"><strong data-start=\"814\" data-end=\"844\">Notificaci\u00f3n antes de la recogida<\/strong>: recibir\u00e1 un SMS 1 hora antes de la hora de recogida con el n\u00famero de tel\u00e9fono del conductor y la matr\u00edcula del veh\u00edculo.<\/p><\/li><\/ul><p><strong>\u00bfCu\u00e1l es tu pol\u00edtica de cancelaci\u00f3n?<\/strong><\/p><p>Para las reservas anticipadas, el cliente puede solicitar la cancelaci\u00f3n del servicio hasta 24 horas antes de la fecha de reserva y obtener la devoluci\u00f3n de las cantidades abonadas.<\/p><p>En cambio, para las reservas inmediatas (dentro de las 12 horas anteriores a la recogida), el cliente no tiene derecho de desistimiento y debe pagar el pedido.<\/p><p><strong>\u00bfC\u00f3mo puedo anular o modificar mi reserva?<\/strong><\/p><p>Directamente desde su cuenta Chauffeurs &amp; Services:<\/p><p>A trav\u00e9s del siguiente enlace: Mi cuenta o en nuestra aplicaci\u00f3n m\u00f3vil<br>Envi\u00e1ndonos un correo electr\u00f3nico a la siguiente direcci\u00f3n: booking@chauffeur-services.com<br>Poni\u00e9ndote en contacto con nosotros por tel\u00e9fono a trav\u00e9s de los datos de contacto disponibles en la p\u00e1gina Contacto<\/p>\t\t\t\t\t\t\t\t<\/div>\n\t\t\t\t<\/div>\n\t\t\t\t\t<\/details>\n\t\t\t\t\t\t<details id=\"e-n-accordion-item-1171\" class=\"e-n-accordion-item\" >\n\t\t\t\t<summary class=\"e-n-accordion-item-title\" data-accordion-index=\"2\" tabindex=\"-1\" aria-expanded=\"false\" aria-controls=\"e-n-accordion-item-1171\" >\n\t\t\t\t\t<span class='e-n-accordion-item-title-header'><div class=\"e-n-accordion-item-title-text\"> En los aeropuertos <\/div><\/span>\n\t\t\t\t\t\t\t<span class='e-n-accordion-item-title-icon'>\n\t\t\t<span class='e-opened' ><svg aria-hidden=\"true\" class=\"e-font-icon-svg e-fas-minus\" viewBox=\"0 0 448 512\" xmlns=\"http:\/\/www.w3.org\/2000\/svg\"><path d=\"M416 208H32c-17.67 0-32 14.33-32 32v32c0 17.67 14.33 32 32 32h384c17.67 0 32-14.33 32-32v-32c0-17.67-14.33-32-32-32z\"><\/path><\/svg><\/span>\n\t\t\t<span class='e-closed'><svg aria-hidden=\"true\" class=\"e-font-icon-svg e-fas-plus\" viewBox=\"0 0 448 512\" xmlns=\"http:\/\/www.w3.org\/2000\/svg\"><path d=\"M416 208H272V64c0-17.67-14.33-32-32-32h-32c-17.67 0-32 14.33-32 32v144H32c-17.67 0-32 14.33-32 32v32c0 17.67 14.33 32 32 32h144v144c0 17.67 14.33 32 32 32h32c17.67 0 32-14.33 32-32V304h144c17.67 0 32-14.33 32-32v-32c0-17.67-14.33-32-32-32z\"><\/path><\/svg><\/span>\n\t\t<\/span>\n\n\t\t\t\t\t\t<\/summary>\n\t\t\t\t<div role=\"region\" aria-labelledby=\"e-n-accordion-item-1171\" class=\"elementor-element elementor-element-f8a76e6 e-con-full e-flex e-con e-child\" data-id=\"f8a76e6\" data-element_type=\"container\" data-e-type=\"container\">\n\t\t\t\t<div class=\"elementor-element elementor-element-1a17ef2 elementor-widget elementor-widget-text-editor\" data-id=\"1a17ef2\" data-element_type=\"widget\" data-e-type=\"widget\" data-widget_type=\"text-editor.default\">\n\t\t\t\t\t\t\t\t\t<p><strong>\u00bfCu\u00e1nto tiempo esperar\u00e1 el conductor en el aeropuerto?<\/strong><\/p><p>Entendemos que las llegadas pueden ser impredecibles. Para todas las recogidas en el aeropuerto, se incluye un tiempo de espera gratuito de 60 minutos. Despu\u00e9s de este tiempo, puede aplicarse un recargo en funci\u00f3n del tiempo de espera adicional. Para los vuelos internacionales, te recomendamos que programes la recogida aproximadamente 15 minutos despu\u00e9s de la hora de aterrizaje.   <\/p><p><strong>\u00bfQu\u00e9 ocurre si mi vuelo se retrasa?<\/strong><\/p><p>Al hacer tu reserva, te pedimos que nos facilites tu n\u00famero de vuelo. Nuestro equipo supervisa tu vuelo en tiempo real para ajustar la hora de recogida. Si el conductor previsto inicialmente no est\u00e1 disponible, te facilitaremos los datos de un nuevo conductor y veh\u00edculo.  <\/p><p><strong>\u00bfTengo que informaros de los cambios en mi vuelo?<\/strong><\/p><p>S\u00ed, es importante que nos notifiques cualquier cambio lo antes posible. Actualizaremos tu reserva e informaremos a tu conductor. Si cambia el conductor o el veh\u00edculo, te enviaremos r\u00e1pidamente la nueva informaci\u00f3n.  <\/p>\t\t\t\t\t\t\t\t<\/div>\n\t\t\t\t<\/div>\n\t\t\t\t\t<\/details>\n\t\t\t\t\t\t<details id=\"e-n-accordion-item-1172\" class=\"e-n-accordion-item\" >\n\t\t\t\t<summary class=\"e-n-accordion-item-title\" data-accordion-index=\"3\" tabindex=\"-1\" aria-expanded=\"false\" aria-controls=\"e-n-accordion-item-1172\" >\n\t\t\t\t\t<span class='e-n-accordion-item-title-header'><div class=\"e-n-accordion-item-title-text\"> Al pagar <\/div><\/span>\n\t\t\t\t\t\t\t<span class='e-n-accordion-item-title-icon'>\n\t\t\t<span class='e-opened' ><svg aria-hidden=\"true\" class=\"e-font-icon-svg e-fas-minus\" viewBox=\"0 0 448 512\" xmlns=\"http:\/\/www.w3.org\/2000\/svg\"><path d=\"M416 208H32c-17.67 0-32 14.33-32 32v32c0 17.67 14.33 32 32 32h384c17.67 0 32-14.33 32-32v-32c0-17.67-14.33-32-32-32z\"><\/path><\/svg><\/span>\n\t\t\t<span class='e-closed'><svg aria-hidden=\"true\" class=\"e-font-icon-svg e-fas-plus\" viewBox=\"0 0 448 512\" xmlns=\"http:\/\/www.w3.org\/2000\/svg\"><path d=\"M416 208H272V64c0-17.67-14.33-32-32-32h-32c-17.67 0-32 14.33-32 32v144H32c-17.67 0-32 14.33-32 32v32c0 17.67 14.33 32 32 32h144v144c0 17.67 14.33 32 32 32h32c17.67 0 32-14.33 32-32V304h144c17.67 0 32-14.33 32-32v-32c0-17.67-14.33-32-32-32z\"><\/path><\/svg><\/span>\n\t\t<\/span>\n\n\t\t\t\t\t\t<\/summary>\n\t\t\t\t<div role=\"region\" aria-labelledby=\"e-n-accordion-item-1172\" class=\"elementor-element elementor-element-c2b2c3b e-con-full e-flex e-con e-child\" data-id=\"c2b2c3b\" data-element_type=\"container\" data-e-type=\"container\">\n\t\t\t\t<div class=\"elementor-element elementor-element-a30edf0 elementor-widget elementor-widget-text-editor\" data-id=\"a30edf0\" data-element_type=\"widget\" data-e-type=\"widget\" data-widget_type=\"text-editor.default\">\n\t\t\t\t\t\t\t\t\t<p><strong>\u00bfCu\u00e1ndo empiezan y terminan mis gastos cuando utilizo vuestro servicio?<\/strong><\/p><p>Nuestras tarifas son transparentes y sin sorpresas. El importe indicado durante tu reserva permanece invariable despu\u00e9s del servicio, a menos que haya cambios. La facturaci\u00f3n comienza en el momento de la recogida y termina en el momento de la devoluci\u00f3n. Si se solicitan paradas adicionales o una ampliaci\u00f3n del tiempo, la tarifa se ajustar\u00e1 despu\u00e9s del viaje en funci\u00f3n de los servicios adicionales.   <\/p><p><strong>\u00bfCu\u00e1l es la duraci\u00f3n m\u00ednima de la reserva por hora?<\/strong><\/p><p>La duraci\u00f3n m\u00ednima del servicio de cuatro horas es de 3 horas y puede ser de hasta 12 horas, seg\u00fan la disponibilidad y los requisitos espec\u00edficos del servicio.<\/p><p><strong>\u00bfPuedo pagar en efectivo? \u00bfQu\u00e9 formas de pago acept\u00e1is? <\/strong><\/p><p>No se puede pagar en efectivo. Como norma general, solicitamos el pago en el momento de la reserva. Para nuestros clientes empresariales, tras un m\u00ednimo de 10 viajes, se puede establecer una facturaci\u00f3n mensual.   No dude en hablar con nuestro equipo de contabilidad para configurar su perfil corporativo.<\/p><p><strong>\u00bfQu\u00e9 tarjetas de cr\u00e9dito aceptan?<\/strong><\/p><p>Aceptamos la mayor\u00eda de tarjetas de cr\u00e9dito y d\u00e9bito para facilitar tus transacciones.<\/p>\t\t\t\t\t\t\t\t<\/div>\n\t\t\t\t<\/div>\n\t\t\t\t\t<\/details>\n\t\t\t\t\t\t<details id=\"e-n-accordion-item-1173\" class=\"e-n-accordion-item\" >\n\t\t\t\t<summary class=\"e-n-accordion-item-title\" data-accordion-index=\"4\" tabindex=\"-1\" aria-expanded=\"false\" aria-controls=\"e-n-accordion-item-1173\" >\n\t\t\t\t\t<span class='e-n-accordion-item-title-header'><div class=\"e-n-accordion-item-title-text\"> En veh\u00edculos <\/div><\/span>\n\t\t\t\t\t\t\t<span class='e-n-accordion-item-title-icon'>\n\t\t\t<span class='e-opened' ><svg aria-hidden=\"true\" class=\"e-font-icon-svg e-fas-minus\" viewBox=\"0 0 448 512\" xmlns=\"http:\/\/www.w3.org\/2000\/svg\"><path d=\"M416 208H32c-17.67 0-32 14.33-32 32v32c0 17.67 14.33 32 32 32h384c17.67 0 32-14.33 32-32v-32c0-17.67-14.33-32-32-32z\"><\/path><\/svg><\/span>\n\t\t\t<span class='e-closed'><svg aria-hidden=\"true\" class=\"e-font-icon-svg e-fas-plus\" viewBox=\"0 0 448 512\" xmlns=\"http:\/\/www.w3.org\/2000\/svg\"><path d=\"M416 208H272V64c0-17.67-14.33-32-32-32h-32c-17.67 0-32 14.33-32 32v144H32c-17.67 0-32 14.33-32 32v32c0 17.67 14.33 32 32 32h144v144c0 17.67 14.33 32 32 32h32c17.67 0 32-14.33 32-32V304h144c17.67 0 32-14.33 32-32v-32c0-17.67-14.33-32-32-32z\"><\/path><\/svg><\/span>\n\t\t<\/span>\n\n\t\t\t\t\t\t<\/summary>\n\t\t\t\t<div role=\"region\" aria-labelledby=\"e-n-accordion-item-1173\" class=\"elementor-element elementor-element-9ee089f e-flex e-con-boxed e-con e-child\" data-id=\"9ee089f\" data-element_type=\"container\" data-e-type=\"container\">\n\t\t\t\t\t<div class=\"e-con-inner\">\n\t\t\t\t<div class=\"elementor-element elementor-element-2897742 elementor-widget elementor-widget-text-editor\" data-id=\"2897742\" data-element_type=\"widget\" data-e-type=\"widget\" data-widget_type=\"text-editor.default\">\n\t\t\t\t\t\t\t\t\t<p><strong>\u00bfC\u00f3mo s\u00e9 qu\u00e9 tama\u00f1o de veh\u00edculo se adapta mejor a mis necesidades?<\/strong><\/p><p>Cuando hagas tu reserva, debes indicar el n\u00famero de pasajeros. Entonces, nuestro sistema te mostrar\u00e1 los veh\u00edculos disponibles y sus capacidades. No olvides tener en cuenta el volumen de tu equipaje. Siempre tienes la opci\u00f3n de reservar un veh\u00edculo m\u00e1s grande para disponer de m\u00e1s espacio.   <\/p><p><strong>\u00bfPuedes proporcionar un asiento para ni\u00f1os o beb\u00e9s?<\/strong><\/p><p>S\u00ed, debes seleccionar la opci\u00f3n en el momento de la reserva. \u00a1Es gratis! <\/p><p><strong>\u00bfPuedo fumar en el veh\u00edculo?<\/strong><\/p><p>No, todos nuestros veh\u00edculos son para no fumadores. Puedes pedir a tu conductor una parada r\u00e1pida o antes de iniciar el viaje si necesitas tiempo para fumar. Lo mismo ocurre con los cigarrillos electr\u00f3nicos.  <\/p><p><strong>\u00bfAcept\u00e1is animales de compa\u00f1\u00eda a bordo de vuestros veh\u00edculos?<\/strong><\/p><p>Por supuesto, nuestros conductores aceptan mascotas. S\u00f3lo tienes que informarnos cuando hagas tu reserva. <\/p><p><strong>\u00bfRecibir\u00e9 el veh\u00edculo exacto que he elegido?<\/strong><\/p><p>Garantizamos una categor\u00eda de veh\u00edculos Business, Electric, Business Van y First. La marca del veh\u00edculo puede cambiarse. Si no podemos realizar tu viaje con la categor\u00eda solicitada, mejoraremos tu veh\u00edculo.  <\/p>\t\t\t\t\t\t\t\t<\/div>\n\t\t\t\t\t<\/div>\n\t\t\t\t<\/div>\n\t\t\t\t\t<\/details>\n\t\t\t\t\t<\/div>\n\t\t\t\t\t\t<\/div>\n\t\t\t\t\t<\/div>\n\t\t\t\t<\/div>\n\t\t\t\t<\/div>\n\t\t","protected":false},"excerpt":{"rendered":"<p>Chauffeurs &amp; Services le proporciona sus preguntas m\u00e1s frecuentes. Preguntas generales \u00bfQu\u00e9 zonas atiendes? Con Chauffeurs &amp; Services, puede reservar un traslado en todos los pa\u00edses de Europa y Estados Unidos. Pronto habr\u00e1 nuevos destinos disponibles. \u00bfCu\u00e1l es tu horario de apertura? Estamos disponibles 24 horas al d\u00eda, 365 d\u00edas al a\u00f1o. Para solicitudes especiales, [&hellip;]<\/p>\n","protected":false},"author":12,"featured_media":53899,"parent":0,"menu_order":0,"comment_status":"closed","ping_status":"closed","template":"","meta":{"_acf_changed":false,"content-type":"","footnotes":""},"class_list":["post-53996","page","type-page","status-publish","has-post-thumbnail","hentry"],"acf":[],"_links":{"self":[{"href":"https:\/\/www.chauffeur-services.com\/es\/wp-json\/wp\/v2\/pages\/53996","targetHints":{"allow":["GET"]}}],"collection":[{"href":"https:\/\/www.chauffeur-services.com\/es\/wp-json\/wp\/v2\/pages"}],"about":[{"href":"https:\/\/www.chauffeur-services.com\/es\/wp-json\/wp\/v2\/types\/page"}],"author":[{"embeddable":true,"href":"https:\/\/www.chauffeur-services.com\/es\/wp-json\/wp\/v2\/users\/12"}],"replies":[{"embeddable":true,"href":"https:\/\/www.chauffeur-services.com\/es\/wp-json\/wp\/v2\/comments?post=53996"}],"version-history":[{"count":0,"href":"https:\/\/www.chauffeur-services.com\/es\/wp-json\/wp\/v2\/pages\/53996\/revisions"}],"wp:featuredmedia":[{"embeddable":true,"href":"https:\/\/www.chauffeur-services.com\/es\/wp-json\/wp\/v2\/media\/53899"}],"wp:attachment":[{"href":"https:\/\/www.chauffeur-services.com\/es\/wp-json\/wp\/v2\/media?parent=53996"}],"curies":[{"name":"wp","href":"https:\/\/api.w.org\/{rel}","templated":true}]}}