{"id":53897,"date":"2024-11-18T17:03:31","date_gmt":"2024-11-18T16:03:31","guid":{"rendered":"https:\/\/new.www.chauffeur-services.com\/cookies\/"},"modified":"2025-08-22T09:08:41","modified_gmt":"2025-08-22T07:08:41","slug":"cookies","status":"publish","type":"page","link":"https:\/\/www.chauffeur-services.com\/es\/cookies\/","title":{"rendered":"Cookies"},"content":{"rendered":"\t\t<div data-elementor-type=\"wp-page\" data-elementor-id=\"53897\" class=\"elementor elementor-53897 elementor-887\" data-elementor-post-type=\"page\">\n\t\t\t\t<div class=\"elementor-element elementor-element-7e1f6aa e-con-full e-flex e-con e-parent\" data-id=\"7e1f6aa\" data-element_type=\"container\" data-e-type=\"container\">\n\t\t\t\t<div class=\"elementor-element elementor-element-8f0ecf4 elementor-widget elementor-widget-shortcode\" data-id=\"8f0ecf4\" data-element_type=\"widget\" data-e-type=\"widget\" data-widget_type=\"shortcode.default\">\n\t\t\t\t\t\t\t<div class=\"elementor-shortcode\">\t\t<div data-elementor-type=\"container\" data-elementor-id=\"54338\" class=\"elementor elementor-54338 elementor-150 elementor-150\" data-elementor-post-type=\"elementor_library\">\n\t\t\t\t<div class=\"elementor-element elementor-element-4cea5e52 e-flex e-con-boxed e-con e-parent\" data-id=\"4cea5e52\" data-element_type=\"container\" data-e-type=\"container\" data-settings=\"{&quot;background_background&quot;:&quot;classic&quot;}\">\n\t\t\t\t\t<div class=\"e-con-inner\">\n\t\t\t\t<div class=\"elementor-element elementor-element-681f125e elementor-align-left elementor-widget elementor-widget-breadcrumbs\" data-id=\"681f125e\" data-element_type=\"widget\" data-e-type=\"widget\" data-widget_type=\"breadcrumbs.default\">\n\t\t\t\t<div class=\"elementor-widget-container\">\n\t\t\t\t\t<nav aria-label=\"breadcrumbs\" class=\"rank-math-breadcrumb\"><p><span class=\"last\">Inicio<\/span><\/p><\/nav>\t\t\t\t<\/div>\n\t\t\t\t<\/div>\n\t\t\t\t<div class=\"elementor-element elementor-element-559b15b7 elementor-widget elementor-widget-heading\" data-id=\"559b15b7\" data-element_type=\"widget\" data-e-type=\"widget\" data-widget_type=\"heading.default\">\n\t\t\t\t\t<div class=\"elementor-heading-title elementor-size-default\">Pol\u00edtica de cookies - Conductores y servicios<\/div>\t\t\t\t<\/div>\n\t\t\t\t\t<\/div>\n\t\t\t\t<\/div>\n\t\t\t\t<\/div>\n\t\t<\/div>\n\t\t\t\t\t\t<\/div>\n\t\t\t\t<\/div>\n\t\t<div class=\"elementor-element elementor-element-9e799e2 e-flex e-con-boxed e-con e-parent\" data-id=\"9e799e2\" data-element_type=\"container\" data-e-type=\"container\">\n\t\t\t\t\t<div class=\"e-con-inner\">\n\t\t\t\t<div class=\"elementor-element elementor-element-5db71a8 elementor-widget elementor-widget-text-editor\" data-id=\"5db71a8\" data-element_type=\"widget\" data-e-type=\"widget\" data-widget_type=\"text-editor.default\">\n\t\t\t\t\t\t\t\t\t<p>Chauffeurs &amp; Services le proporciona la informaci\u00f3n legal de su empresa. Chauffeurs &amp; Services se denomina a continuaci\u00f3n \"La Empresa\". <\/p>\t\t\t\t\t\t\t\t<\/div>\n\t\t\t\t<div class=\"elementor-element elementor-element-59f5a33 elementor-widget elementor-widget-n-accordion\" data-id=\"59f5a33\" data-element_type=\"widget\" data-e-type=\"widget\" data-settings=\"{&quot;n_accordion_animation_duration&quot;:{&quot;unit&quot;:&quot;ms&quot;,&quot;size&quot;:&quot;350&quot;,&quot;sizes&quot;:[]},&quot;default_state&quot;:&quot;expanded&quot;,&quot;max_items_expended&quot;:&quot;one&quot;}\" data-widget_type=\"nested-accordion.default\">\n\t\t\t\t\t\t\t<div class=\"e-n-accordion\" aria-label=\"Accordion. Open links with Enter or Space, close with Escape, and navigate with Arrow Keys\">\n\t\t\t\t\t\t<details id=\"e-n-accordion-item-9430\" class=\"e-n-accordion-item\" open>\n\t\t\t\t<summary class=\"e-n-accordion-item-title\" data-accordion-index=\"1\" tabindex=\"0\" aria-expanded=\"true\" aria-controls=\"e-n-accordion-item-9430\" >\n\t\t\t\t\t<span class='e-n-accordion-item-title-header'><div class=\"e-n-accordion-item-title-text\"> Pol\u00edtica de cookies <\/div><\/span>\n\t\t\t\t\t\t\t<span class='e-n-accordion-item-title-icon'>\n\t\t\t<span class='e-opened' ><svg aria-hidden=\"true\" class=\"e-font-icon-svg e-fas-minus\" viewBox=\"0 0 448 512\" xmlns=\"http:\/\/www.w3.org\/2000\/svg\"><path d=\"M416 208H32c-17.67 0-32 14.33-32 32v32c0 17.67 14.33 32 32 32h384c17.67 0 32-14.33 32-32v-32c0-17.67-14.33-32-32-32z\"><\/path><\/svg><\/span>\n\t\t\t<span class='e-closed'><svg aria-hidden=\"true\" class=\"e-font-icon-svg e-fas-plus\" viewBox=\"0 0 448 512\" xmlns=\"http:\/\/www.w3.org\/2000\/svg\"><path d=\"M416 208H272V64c0-17.67-14.33-32-32-32h-32c-17.67 0-32 14.33-32 32v144H32c-17.67 0-32 14.33-32 32v32c0 17.67 14.33 32 32 32h144v144c0 17.67 14.33 32 32 32h32c17.67 0 32-14.33 32-32V304h144c17.67 0 32-14.33 32-32v-32c0-17.67-14.33-32-32-32z\"><\/path><\/svg><\/span>\n\t\t<\/span>\n\n\t\t\t\t\t\t<\/summary>\n\t\t\t\t<div role=\"region\" aria-labelledby=\"e-n-accordion-item-9430\" class=\"elementor-element elementor-element-708de6e e-con-full e-flex e-con e-child\" data-id=\"708de6e\" data-element_type=\"container\" data-e-type=\"container\">\n\t\t\t\t<div class=\"elementor-element elementor-element-c29529d elementor-widget elementor-widget-text-editor\" data-id=\"c29529d\" data-element_type=\"widget\" data-e-type=\"widget\" data-widget_type=\"text-editor.default\">\n\t\t\t\t\t\t\t\t\t<p><strong>\u00daltima actualizaci\u00f3n:<\/strong> 12 de noviembre de 2023<\/p><p>Esta Pol\u00edtica de Cookies explica qu\u00e9 son las cookies y c\u00f3mo las utilizamos. Al leer esta pol\u00edtica, comprender\u00e1s los tipos de cookies que utilizamos, la informaci\u00f3n que recopilamos a trav\u00e9s de las cookies y c\u00f3mo se utiliza esta informaci\u00f3n. <\/p><p><strong>Nota:<\/strong> Las cookies no suelen contener informaci\u00f3n personal identificable. Sin embargo, la informaci\u00f3n personal almacenada por nosotros puede estar vinculada a los datos recogidos por las cookies. Para m\u00e1s detalles sobre c\u00f3mo gestionamos tus datos personales, consulta nuestra <a href=\"https:\/\/chatgpt.com\/c\/677e81f3-a420-8013-b363-015fe7fc488c\" target=\"_blank\" rel=\"noopener\">Pol\u00edtica de Privacidad<\/a>.  <\/p><p>No almacenamos informaci\u00f3n sensible, como direcciones de correo o contrase\u00f1as de cuentas, en las cookies.<\/p><p><strong>Definiciones<\/strong><\/p><ul><li><strong>Empresa:<\/strong> Se refiere a Chauffeurs &amp; Services CF GmbH, F\u00e4rberstrasse 4, 8832 Wollerau, Suiza, tambi\u00e9n denominada \"Nosotros\", \"Nos\" o \"Nuestro\".<\/li><li><strong>Cookies:<\/strong> Peque\u00f1os archivos colocados en tu dispositivo por un sitio web, que almacenan detalles de tu actividad de navegaci\u00f3n con diversos fines.<\/li><li><strong>P\u00e1gina web:<\/strong> Se refiere a Ch\u00f3fer Services, accesible en <a href=\"https:\/\/new.www.chauffeur-services.com\">https:\/\/new.www.chauffeur-services.com.<\/a><\/li><li><strong>T\u00fa:<\/strong> La persona f\u00edsica o jur\u00eddica que accede o utiliza el Sitio Web.<\/li><\/ul><p><strong>Tipos de cookies que utilizamos<\/strong><\/p><ol><li><strong>Cookies necesarias \/ esenciales<\/strong><ul><li><strong>Tipo:<\/strong> Cookies de sesi\u00f3n<\/li><li><strong>Administrado por:<\/strong> Us<\/li><li><strong>Prop\u00f3sito:<\/strong><ul><li>Permitir que el Sitio Web funcione correctamente.<\/li><li>Autentifica a los usuarios y evita el uso fraudulento de las cuentas.<\/li><li>Proporcionar servicios esenciales solicitados por Ti.<\/li><li>Sin estas cookies, algunas funcionalidades pueden no funcionar.<\/li><\/ul><\/li><\/ul><\/li><li><strong>Cookies de funcionalidad<\/strong><ul><li><strong>Tipo:<\/strong> Cookies persistentes<\/li><li><strong>Administrado por:<\/strong> Us<\/li><li><strong>Prop\u00f3sito:<\/strong><ul><li>Recordar elecciones, como los datos de acceso o las preferencias de idioma.<\/li><li>Mejora la experiencia del usuario eliminando la necesidad de volver a introducir las preferencias.<\/li><\/ul><\/li><\/ul><\/li><\/ol><p><strong>Tus opciones respecto a las cookies<\/strong><\/p><p>Puedes gestionar o desactivar las cookies de la siguiente manera:<\/p><ol><li><strong>Desactiva las cookies en tu navegador:<\/strong><br>Ajusta la configuraci\u00f3n de tu navegador para evitar que se coloquen cookies.<\/li><li><strong>Eliminar cookies:<\/strong><br>Elimina las cookies existentes a trav\u00e9s de la configuraci\u00f3n de tu navegador. Sin embargo, ten en cuenta que algunas funciones del sitio web pueden no funcionar correctamente sin cookies. <\/li><\/ol><p>Para obtener instrucciones sobre la gesti\u00f3n de cookies en navegadores espec\u00edficos:<\/p><ul><li><strong>Google Chrome:<\/strong> <a href=\"https:\/\/support.google.com\/accounts\/answer\/32050\" target=\"_blank\" rel=\"noopener\">Visita el Soporte de Google<\/a><\/li><li><strong>Internet Explorer:<\/strong> <a href=\"http:\/\/support.microsoft.com\/kb\/278835\" target=\"_blank\" rel=\"noopener\">Visita el Soporte de Microsoft<\/a><\/li><li><strong>Mozilla Firefox:<\/strong> <a href=\"https:\/\/support.mozilla.org\/en-US\/kb\/delete-cookies-remove-info-websites-stored\" target=\"_blank\" rel=\"noopener\">Visita el soporte de Mozilla<\/a><\/li><li><strong>Safari de Apple:<\/strong> <a href=\"https:\/\/support.apple.com\/guide\/safari\/manage-cookies-and-website-data-sfri11471\/mac\" target=\"_blank\" rel=\"noopener\">Visita el Soporte de Apple<\/a><\/li><\/ul><p>Para otros navegadores, consulta sus p\u00e1ginas oficiales de soporte.<\/p><p><strong>M\u00e1s informaci\u00f3n sobre las cookies<\/strong><\/p><p>Para conocer las cookies en detalle, visita <a href=\"https:\/\/www.allaboutcookies.org\/\" target=\"_blank\" rel=\"noopener\">Todo sobre las cookies<\/a>.<\/p>\t\t\t\t\t\t\t\t<\/div>\n\t\t\t\t<\/div>\n\t\t\t\t\t<\/details>\n\t\t\t\t\t\t<details id=\"e-n-accordion-item-9431\" class=\"e-n-accordion-item\" >\n\t\t\t\t<summary class=\"e-n-accordion-item-title\" data-accordion-index=\"2\" tabindex=\"-1\" aria-expanded=\"false\" aria-controls=\"e-n-accordion-item-9431\" >\n\t\t\t\t\t<span class='e-n-accordion-item-title-header'><div class=\"e-n-accordion-item-title-text\"> Contacta con nosotros <\/div><\/span>\n\t\t\t\t\t\t\t<span class='e-n-accordion-item-title-icon'>\n\t\t\t<span class='e-opened' ><svg aria-hidden=\"true\" class=\"e-font-icon-svg e-fas-minus\" viewBox=\"0 0 448 512\" xmlns=\"http:\/\/www.w3.org\/2000\/svg\"><path d=\"M416 208H32c-17.67 0-32 14.33-32 32v32c0 17.67 14.33 32 32 32h384c17.67 0 32-14.33 32-32v-32c0-17.67-14.33-32-32-32z\"><\/path><\/svg><\/span>\n\t\t\t<span class='e-closed'><svg aria-hidden=\"true\" class=\"e-font-icon-svg e-fas-plus\" viewBox=\"0 0 448 512\" xmlns=\"http:\/\/www.w3.org\/2000\/svg\"><path d=\"M416 208H272V64c0-17.67-14.33-32-32-32h-32c-17.67 0-32 14.33-32 32v144H32c-17.67 0-32 14.33-32 32v32c0 17.67 14.33 32 32 32h144v144c0 17.67 14.33 32 32 32h32c17.67 0 32-14.33 32-32V304h144c17.67 0 32-14.33 32-32v-32c0-17.67-14.33-32-32-32z\"><\/path><\/svg><\/span>\n\t\t<\/span>\n\n\t\t\t\t\t\t<\/summary>\n\t\t\t\t<div role=\"region\" aria-labelledby=\"e-n-accordion-item-9431\" class=\"elementor-element elementor-element-0c94e2a e-con-full e-flex e-con e-child\" data-id=\"0c94e2a\" data-element_type=\"container\" data-e-type=\"container\">\n\t\t\t\t<div class=\"elementor-element elementor-element-40fd2fc elementor-widget elementor-widget-text-editor\" data-id=\"40fd2fc\" data-element_type=\"widget\" data-e-type=\"widget\" data-widget_type=\"text-editor.default\">\n\t\t\t\t\t\t\t\t\t<p>Para preguntas sobre esta Pol\u00edtica de Cookies:<\/p><ul><li><strong>Correo electr\u00f3nico:<\/strong> <a href=\"mailto:office@chauffeur-services.com\">office@chauffeur-services.com<\/a><\/li><li><strong>Formulario de contacto del sitio web:<\/strong> <a href=\"https:\/\/old.www.chauffeur-services.com\/contact\/\">Contacto<\/a><\/li><li><strong>Tel:<\/strong> +41 44 797 61 24<\/li><\/ul>\t\t\t\t\t\t\t\t<\/div>\n\t\t\t\t<\/div>\n\t\t\t\t\t<\/details>\n\t\t\t\t\t<\/div>\n\t\t\t\t\t\t<\/div>\n\t\t\t\t\t<\/div>\n\t\t\t\t<\/div>\n\t\t\t\t<\/div>\n\t\t","protected":false},"excerpt":{"rendered":"<p>Chauffeurs &amp; Services le proporciona la informaci\u00f3n legal de su empresa. Chauffeurs &amp; Services se denomina a continuaci\u00f3n \"La Empresa\". Pol\u00edtica de cookies \u00daltima actualizaci\u00f3n: 12 de noviembre de 2023 Esta Pol\u00edtica de Cookies explica qu\u00e9 son las cookies y c\u00f3mo las utilizamos. Al leer esta pol\u00edtica, comprender\u00e1s los tipos de cookies que utilizamos, la [&hellip;]<\/p>\n","protected":false},"author":12,"featured_media":53899,"parent":0,"menu_order":0,"comment_status":"closed","ping_status":"closed","template":"","meta":{"_acf_changed":false,"content-type":"","footnotes":""},"class_list":["post-53897","page","type-page","status-publish","has-post-thumbnail","hentry"],"acf":[],"_links":{"self":[{"href":"https:\/\/www.chauffeur-services.com\/es\/wp-json\/wp\/v2\/pages\/53897","targetHints":{"allow":["GET"]}}],"collection":[{"href":"https:\/\/www.chauffeur-services.com\/es\/wp-json\/wp\/v2\/pages"}],"about":[{"href":"https:\/\/www.chauffeur-services.com\/es\/wp-json\/wp\/v2\/types\/page"}],"author":[{"embeddable":true,"href":"https:\/\/www.chauffeur-services.com\/es\/wp-json\/wp\/v2\/users\/12"}],"replies":[{"embeddable":true,"href":"https:\/\/www.chauffeur-services.com\/es\/wp-json\/wp\/v2\/comments?post=53897"}],"version-history":[{"count":0,"href":"https:\/\/www.chauffeur-services.com\/es\/wp-json\/wp\/v2\/pages\/53897\/revisions"}],"wp:featuredmedia":[{"embeddable":true,"href":"https:\/\/www.chauffeur-services.com\/es\/wp-json\/wp\/v2\/media\/53899"}],"wp:attachment":[{"href":"https:\/\/www.chauffeur-services.com\/es\/wp-json\/wp\/v2\/media?parent=53897"}],"curies":[{"name":"wp","href":"https:\/\/api.w.org\/{rel}","templated":true}]}}