{"id":111591,"date":"2025-06-13T15:28:07","date_gmt":"2025-06-13T13:28:07","guid":{"rendered":"https:\/\/www.chauffeur-services.com\/?page_id=111591"},"modified":"2025-11-01T07:03:13","modified_gmt":"2025-11-01T06:03:13","slug":"vehiculos","status":"publish","type":"page","link":"https:\/\/www.chauffeur-services.com\/es\/socios\/vehiculos\/","title":{"rendered":"Socios - elegibilidad de veh\u00edculos"},"content":{"rendered":"\t\t<div data-elementor-type=\"wp-page\" data-elementor-id=\"111591\" class=\"elementor elementor-111591\" data-elementor-post-type=\"page\">\n\t\t\t\t<div class=\"elementor-element elementor-element-7e1f6aa e-con-full e-flex e-con e-parent\" data-id=\"7e1f6aa\" data-element_type=\"container\" data-e-type=\"container\">\n\t\t\t\t<div class=\"elementor-element elementor-element-8f0ecf4 elementor-widget elementor-widget-shortcode\" data-id=\"8f0ecf4\" data-element_type=\"widget\" data-e-type=\"widget\" data-widget_type=\"shortcode.default\">\n\t\t\t\t\t\t\t<div class=\"elementor-shortcode\">\t\t<div data-elementor-type=\"container\" data-elementor-id=\"54338\" class=\"elementor elementor-54338 elementor-150 elementor-150\" data-elementor-post-type=\"elementor_library\">\n\t\t\t\t<div class=\"elementor-element elementor-element-4cea5e52 e-flex e-con-boxed e-con e-parent\" data-id=\"4cea5e52\" data-element_type=\"container\" data-e-type=\"container\" data-settings=\"{&quot;background_background&quot;:&quot;classic&quot;}\">\n\t\t\t\t\t<div class=\"e-con-inner\">\n\t\t\t\t<div class=\"elementor-element elementor-element-681f125e elementor-align-left elementor-widget elementor-widget-breadcrumbs\" data-id=\"681f125e\" data-element_type=\"widget\" data-e-type=\"widget\" data-widget_type=\"breadcrumbs.default\">\n\t\t\t\t<div class=\"elementor-widget-container\">\n\t\t\t\t\t<nav aria-label=\"breadcrumbs\" class=\"rank-math-breadcrumb\"><p><span class=\"last\">Inicio<\/span><\/p><\/nav>\t\t\t\t<\/div>\n\t\t\t\t<\/div>\n\t\t\t\t<div class=\"elementor-element elementor-element-559b15b7 elementor-widget elementor-widget-heading\" data-id=\"559b15b7\" data-element_type=\"widget\" data-e-type=\"widget\" data-widget_type=\"heading.default\">\n\t\t\t\t\t<div class=\"elementor-heading-title elementor-size-default\">Lista de elegibilidad de veh\u00edculos | Chauffeurs &amp; Services<\/div>\t\t\t\t<\/div>\n\t\t\t\t\t<\/div>\n\t\t\t\t<\/div>\n\t\t\t\t<\/div>\n\t\t<\/div>\n\t\t\t\t\t\t<\/div>\n\t\t\t\t<\/div>\n\t\t<div class=\"elementor-element elementor-element-a63bc4f e-flex e-con-boxed e-con e-parent\" data-id=\"a63bc4f\" data-element_type=\"container\" data-e-type=\"container\">\n\t\t\t\t\t<div class=\"e-con-inner\">\n\t\t\t\t<div class=\"elementor-element elementor-element-2d95331 elementor-widget__width-inherit elementor-widget elementor-widget-heading\" data-id=\"2d95331\" data-element_type=\"widget\" data-e-type=\"widget\" data-widget_type=\"heading.default\">\n\t\t\t\t\t<h2 class=\"elementor-heading-title elementor-size-default\">Elegibilidad de veh\u00edculos: sedanes, SUVs y furgonetas <\/h2>\t\t\t\t<\/div>\n\t\t<div class=\"elementor-element elementor-element-7af93a9 e-con-full e-flex e-con e-child\" data-id=\"7af93a9\" data-element_type=\"container\" data-e-type=\"container\">\n\t\t\t\t<div class=\"elementor-element elementor-element-223ccfa elementor-widget elementor-widget-text-editor\" data-id=\"223ccfa\" data-element_type=\"widget\" data-e-type=\"widget\" data-widget_type=\"text-editor.default\">\n\t\t\t\t\t\t\t\t\t<p class=\"\" data-start=\"261\" data-end=\"441\">Nos dedicamos a proporcionar soluciones premium, y un componente cr\u00edtico de este compromiso es garantizar que nuestra flota est\u00e9 compuesta por veh\u00edculos de la m\u00e1s alta calidad. Esta p\u00e1gina describe los criterios espec\u00edficos para que los veh\u00edculos sean elegibles para nuestra red, centr\u00e1ndose en sedanes de lujo <strong>negros<\/strong>, SUVs y furgonetas que <strong>no tengan m\u00e1s de cuatro a\u00f1os de antig\u00fcedad.<\/strong> Nuestros est\u00e1ndares est\u00e1n dise\u00f1ados para garantizar comodidad, seguridad y una est\u00e9tica sofisticada para nuestra distinguida clientela, reflejando la excelencia que representa Chauffeur &amp; Services. <\/p>\t\t\t\t\t\t\t\t<\/div>\n\t\t\t\t<\/div>\n\t\t\t\t\t<\/div>\n\t\t\t\t<\/div>\n\t\t<div class=\"elementor-element elementor-element-bdb9ce1 e-flex e-con-boxed e-con e-parent\" data-id=\"bdb9ce1\" data-element_type=\"container\" data-e-type=\"container\">\n\t\t\t\t\t<div class=\"e-con-inner\">\n\t\t<div class=\"elementor-element elementor-element-307e08c e-con-full e-flex e-con e-child\" data-id=\"307e08c\" data-element_type=\"container\" data-e-type=\"container\">\n\t\t\t\t<div class=\"elementor-element elementor-element-acb5f94 elementor-widget elementor-widget-image\" data-id=\"acb5f94\" data-element_type=\"widget\" data-e-type=\"widget\" data-widget_type=\"image.default\">\n\t\t\t\t\t\t\t\t\t\t\t\t\t\t\t<img fetchpriority=\"high\" decoding=\"async\" width=\"800\" height=\"333\" src=\"https:\/\/www.chauffeur-services.com\/wp-content\/uploads\/business-class-1200x500.webp\" class=\"attachment-large size-large wp-image-154906\" alt=\"\" srcset=\"https:\/\/www.chauffeur-services.com\/wp-content\/uploads\/business-class-1200x500.webp 1200w, https:\/\/www.chauffeur-services.com\/wp-content\/uploads\/business-class-600x250.webp 600w, https:\/\/www.chauffeur-services.com\/wp-content\/uploads\/business-class-768x320.webp 768w, https:\/\/www.chauffeur-services.com\/wp-content\/uploads\/business-class.webp 1440w\" sizes=\"(max-width: 800px) 100vw, 800px\" title=\"\">\t\t\t\t\t\t\t\t\t\t\t\t\t\t\t<\/div>\n\t\t\t\t<div class=\"elementor-element elementor-element-c6372d0 elementor-widget elementor-widget-heading\" data-id=\"c6372d0\" data-element_type=\"widget\" data-e-type=\"widget\" data-widget_type=\"heading.default\">\n\t\t\t\t\t<h3 class=\"elementor-heading-title elementor-size-default\">Sedanes de lujo \/ Sedanes ejecutivos\n<\/h3>\t\t\t\t<\/div>\n\t\t\t\t<div class=\"elementor-element elementor-element-1a6c979 elementor-widget elementor-widget-text-editor\" data-id=\"1a6c979\" data-element_type=\"widget\" data-e-type=\"widget\" data-widget_type=\"text-editor.default\">\n\t\t\t\t\t\t\t\t\t<ul><li>Audi A6<\/li><li>Audi A6 e-Tron<\/li><li>Audi A8<\/li><li>BMW Serie 5<\/li><li>BMW Serie 7<\/li><li>BMW i5<\/li><li>BMW i7<\/li><li>Cadillac CT6<\/li><li>Genesis G80 el\u00e9ctrico<\/li><li>Genesis G90<\/li><li>Lucid Air<\/li><li>Mercedes-Benz Clase E<\/li><li>Mercedes-Benz EQE<\/li><li>Mercedes-Benz EQS<\/li><li>Mercedes-Benz Clase S<\/li><li>Tesla Model S<\/li><li>Volvo S90<\/li><\/ul>\t\t\t\t\t\t\t\t<\/div>\n\t\t\t\t<\/div>\n\t\t<div class=\"elementor-element elementor-element-174d437 e-con-full e-flex e-con e-child\" data-id=\"174d437\" data-element_type=\"container\" data-e-type=\"container\">\n\t\t\t\t<div class=\"elementor-element elementor-element-ef3b867 elementor-widget elementor-widget-image\" data-id=\"ef3b867\" data-element_type=\"widget\" data-e-type=\"widget\" data-widget_type=\"image.default\">\n\t\t\t\t\t\t\t\t\t\t\t\t\t\t\t<img decoding=\"async\" width=\"800\" height=\"333\" src=\"https:\/\/www.chauffeur-services.com\/wp-content\/uploads\/2025\/03\/business-electric-usa-1200x500.jpg\" class=\"attachment-large size-large wp-image-64940\" alt=\"\" srcset=\"https:\/\/www.chauffeur-services.com\/wp-content\/uploads\/2025\/03\/business-electric-usa-1200x500.jpg 1200w, https:\/\/www.chauffeur-services.com\/wp-content\/uploads\/2025\/03\/business-electric-usa-600x250.jpg 600w, https:\/\/www.chauffeur-services.com\/wp-content\/uploads\/2025\/03\/business-electric-usa-768x320.jpg 768w, https:\/\/www.chauffeur-services.com\/wp-content\/uploads\/2025\/03\/business-electric-usa.jpg 1440w\" sizes=\"(max-width: 800px) 100vw, 800px\" title=\"\">\t\t\t\t\t\t\t\t\t\t\t\t\t\t\t<\/div>\n\t\t\t\t<div class=\"elementor-element elementor-element-667e6b3 elementor-widget elementor-widget-heading\" data-id=\"667e6b3\" data-element_type=\"widget\" data-e-type=\"widget\" data-widget_type=\"heading.default\">\n\t\t\t\t\t<h3 class=\"elementor-heading-title elementor-size-default\">SUVs y sedanes el\u00e9ctricos de lujo<\/h3>\t\t\t\t<\/div>\n\t\t\t\t<div class=\"elementor-element elementor-element-272cc55 elementor-widget elementor-widget-text-editor\" data-id=\"272cc55\" data-element_type=\"widget\" data-e-type=\"widget\" data-widget_type=\"text-editor.default\">\n\t\t\t\t\t\t\t\t\t<ul>\n \t<li>BMW i5<\/li>\n \t<li>BMW i7<\/li>\n \t<li>Cadillac Lyriq<\/li>\n \t<li>Genesis G80 el\u00e9ctrico<\/li>\n \t<li>Lucid Air<\/li>\n \t<li>Mercedes-Benz EQE<\/li>\n \t<li>Mercedes-Benz EQE SUV<\/li>\n \t<li>Mercedes-Benz EQS<\/li>\n \t<li>Mercedes-Benz EQS SUV<\/li>\n \t<li>Tesla Model S<\/li>\n \t<li>Tesla Model X<\/li>\n \t<li>Volvo EX90<\/li>\n<\/ul>\t\t\t\t\t\t\t\t<\/div>\n\t\t\t\t<\/div>\n\t\t<div class=\"elementor-element elementor-element-7b5e321 e-con-full e-flex e-con e-child\" data-id=\"7b5e321\" data-element_type=\"container\" data-e-type=\"container\">\n\t\t\t\t<div class=\"elementor-element elementor-element-434c4a4 elementor-widget elementor-widget-image\" data-id=\"434c4a4\" data-element_type=\"widget\" data-e-type=\"widget\" data-widget_type=\"image.default\">\n\t\t\t\t\t\t\t\t\t\t\t\t\t\t\t<img decoding=\"async\" width=\"800\" height=\"334\" src=\"https:\/\/www.chauffeur-services.com\/wp-content\/uploads\/sites\/1\/business-suv-1200x501.png\" class=\"attachment-large size-large wp-image-154907\" alt=\"\" srcset=\"https:\/\/www.chauffeur-services.com\/wp-content\/uploads\/sites\/1\/business-suv-1200x501.png 1200w, https:\/\/www.chauffeur-services.com\/wp-content\/uploads\/sites\/1\/business-suv-600x250.png 600w, https:\/\/www.chauffeur-services.com\/wp-content\/uploads\/sites\/1\/business-suv-768x321.png 768w, https:\/\/www.chauffeur-services.com\/wp-content\/uploads\/sites\/1\/business-suv.png 1440w\" sizes=\"(max-width: 800px) 100vw, 800px\" title=\"\">\t\t\t\t\t\t\t\t\t\t\t\t\t\t\t<\/div>\n\t\t\t\t<div class=\"elementor-element elementor-element-c74d13f elementor-widget elementor-widget-heading\" data-id=\"c74d13f\" data-element_type=\"widget\" data-e-type=\"widget\" data-widget_type=\"heading.default\">\n\t\t\t\t\t<h3 class=\"elementor-heading-title elementor-size-default\"> SUVs de lujo \/ SUVs de tama\u00f1o completo<\/h3>\t\t\t\t<\/div>\n\t\t\t\t<div class=\"elementor-element elementor-element-227a7f4 elementor-widget elementor-widget-text-editor\" data-id=\"227a7f4\" data-element_type=\"widget\" data-e-type=\"widget\" data-widget_type=\"text-editor.default\">\n\t\t\t\t\t\t\t\t\t<ul><li>BMW X7<\/li><li>Cadillac Escalade<\/li><li>Cadillac XT6<\/li><li>Chevrolet Suburban<\/li><li>GMC Yukon SLE<\/li><li>GMC Yukon Denali<\/li><li>GMC Yukon XL<\/li><li>Land Rover Range Rover<\/li><li>Lincoln Aviator<\/li><li>Lincoln Navigator<\/li><li>Mercedes-Benz EQE SUV<\/li><li>Mercedes-Benz EQS SUV<\/li><li>Mercedes-Benz GLS<\/li><li>Volvo EX90<\/li><\/ul>\t\t\t\t\t\t\t\t<\/div>\n\t\t\t\t<\/div>\n\t\t<div class=\"elementor-element elementor-element-40c68aa e-con-full e-flex e-con e-child\" data-id=\"40c68aa\" data-element_type=\"container\" data-e-type=\"container\">\n\t\t\t\t<div class=\"elementor-element elementor-element-b5d7b75 elementor-widget elementor-widget-image\" data-id=\"b5d7b75\" data-element_type=\"widget\" data-e-type=\"widget\" data-widget_type=\"image.default\">\n\t\t\t\t\t\t\t\t\t\t\t\t\t\t\t<img loading=\"lazy\" decoding=\"async\" width=\"800\" height=\"333\" src=\"https:\/\/www.chauffeur-services.com\/wp-content\/uploads\/business-van-1200x500.webp\" class=\"attachment-large size-large wp-image-154908\" alt=\"\" srcset=\"https:\/\/www.chauffeur-services.com\/wp-content\/uploads\/business-van-1200x500.webp 1200w, https:\/\/www.chauffeur-services.com\/wp-content\/uploads\/business-van-600x250.webp 600w, https:\/\/www.chauffeur-services.com\/wp-content\/uploads\/business-van-768x320.webp 768w, https:\/\/www.chauffeur-services.com\/wp-content\/uploads\/business-van.webp 1440w\" sizes=\"(max-width: 800px) 100vw, 800px\" title=\"\">\t\t\t\t\t\t\t\t\t\t\t\t\t\t\t<\/div>\n\t\t\t\t<div class=\"elementor-element elementor-element-ee25163 elementor-widget elementor-widget-heading\" data-id=\"ee25163\" data-element_type=\"widget\" data-e-type=\"widget\" data-widget_type=\"heading.default\">\n\t\t\t\t\t<h3 class=\"elementor-heading-title elementor-size-default\">Furgonetas de lujo \/ MPVs\n<\/h3>\t\t\t\t<\/div>\n\t\t\t\t<div class=\"elementor-element elementor-element-b8b77dc elementor-widget elementor-widget-text-editor\" data-id=\"b8b77dc\" data-element_type=\"widget\" data-e-type=\"widget\" data-widget_type=\"text-editor.default\">\n\t\t\t\t\t\t\t\t\t<ul><li>Mercedes-Benz EQV<\/li><li>Mercedes-Benz Sprinter<\/li><li>Mercedes-Benz Clase V<\/li><\/ul>\t\t\t\t\t\t\t\t<\/div>\n\t\t\t\t<\/div>\n\t\t\t\t\t<\/div>\n\t\t\t\t<\/div>\n\t\t\t\t<\/div>\n\t\t","protected":false},"excerpt":{"rendered":"<p>Elegibilidad de veh\u00edculos: sedanes, SUVs y furgonetas Nos dedicamos a proporcionar soluciones premium, y un componente cr\u00edtico de este compromiso es garantizar que nuestra flota est\u00e9 compuesta por veh\u00edculos de la m\u00e1s alta calidad. Esta p\u00e1gina describe los criterios espec\u00edficos para que los veh\u00edculos sean elegibles para nuestra red, centr\u00e1ndose en sedanes de lujo negros, [&hellip;]<\/p>\n","protected":false},"author":16,"featured_media":54141,"parent":54137,"menu_order":0,"comment_status":"closed","ping_status":"closed","template":"","meta":{"_acf_changed":false,"content-type":"","footnotes":""},"class_list":["post-111591","page","type-page","status-publish","has-post-thumbnail","hentry"],"acf":[],"_links":{"self":[{"href":"https:\/\/www.chauffeur-services.com\/es\/wp-json\/wp\/v2\/pages\/111591","targetHints":{"allow":["GET"]}}],"collection":[{"href":"https:\/\/www.chauffeur-services.com\/es\/wp-json\/wp\/v2\/pages"}],"about":[{"href":"https:\/\/www.chauffeur-services.com\/es\/wp-json\/wp\/v2\/types\/page"}],"author":[{"embeddable":true,"href":"https:\/\/www.chauffeur-services.com\/es\/wp-json\/wp\/v2\/users\/16"}],"replies":[{"embeddable":true,"href":"https:\/\/www.chauffeur-services.com\/es\/wp-json\/wp\/v2\/comments?post=111591"}],"version-history":[{"count":0,"href":"https:\/\/www.chauffeur-services.com\/es\/wp-json\/wp\/v2\/pages\/111591\/revisions"}],"up":[{"embeddable":true,"href":"https:\/\/www.chauffeur-services.com\/es\/wp-json\/wp\/v2\/pages\/54137"}],"wp:featuredmedia":[{"embeddable":true,"href":"https:\/\/www.chauffeur-services.com\/es\/wp-json\/wp\/v2\/media\/54141"}],"wp:attachment":[{"href":"https:\/\/www.chauffeur-services.com\/es\/wp-json\/wp\/v2\/media?parent=111591"}],"curies":[{"name":"wp","href":"https:\/\/api.w.org\/{rel}","templated":true}]}}