{"id":53912,"date":"2024-11-18T17:03:31","date_gmt":"2024-11-18T16:03:31","guid":{"rendered":"https:\/\/new.www.chauffeur-services.com\/cookies\/"},"modified":"2025-08-22T09:08:41","modified_gmt":"2025-08-22T07:08:41","slug":"cookies","status":"publish","type":"page","link":"https:\/\/www.chauffeur-services.com\/de\/cookies\/","title":{"rendered":"Cookies"},"content":{"rendered":"\t\t<div data-elementor-type=\"wp-page\" data-elementor-id=\"53912\" class=\"elementor elementor-53912 elementor-887\" data-elementor-post-type=\"page\">\n\t\t\t\t<div class=\"elementor-element elementor-element-7e1f6aa e-con-full e-flex e-con e-parent\" data-id=\"7e1f6aa\" data-element_type=\"container\" data-e-type=\"container\">\n\t\t\t\t<div class=\"elementor-element elementor-element-8f0ecf4 elementor-widget elementor-widget-shortcode\" data-id=\"8f0ecf4\" data-element_type=\"widget\" data-e-type=\"widget\" data-widget_type=\"shortcode.default\">\n\t\t\t\t\t\t\t<div class=\"elementor-shortcode\">\t\t<div data-elementor-type=\"container\" data-elementor-id=\"54448\" class=\"elementor elementor-54448 elementor-150 elementor-150\" data-elementor-post-type=\"elementor_library\">\n\t\t\t\t<div class=\"elementor-element elementor-element-4cea5e52 e-flex e-con-boxed e-con e-parent\" data-id=\"4cea5e52\" data-element_type=\"container\" data-e-type=\"container\" data-settings=\"{&quot;background_background&quot;:&quot;classic&quot;}\">\n\t\t\t\t\t<div class=\"e-con-inner\">\n\t\t\t\t<div class=\"elementor-element elementor-element-681f125e elementor-align-left elementor-widget elementor-widget-breadcrumbs\" data-id=\"681f125e\" data-element_type=\"widget\" data-e-type=\"widget\" data-widget_type=\"breadcrumbs.default\">\n\t\t\t\t<div class=\"elementor-widget-container\">\n\t\t\t\t\t<nav aria-label=\"breadcrumbs\" class=\"rank-math-breadcrumb\"><p><span class=\"last\">Startseite<\/span><\/p><\/nav>\t\t\t\t<\/div>\n\t\t\t\t<\/div>\n\t\t\t\t<div class=\"elementor-element elementor-element-559b15b7 elementor-widget elementor-widget-heading\" data-id=\"559b15b7\" data-element_type=\"widget\" data-e-type=\"widget\" data-widget_type=\"heading.default\">\n\t\t\t\t\t<div class=\"elementor-heading-title elementor-size-default\">Cookies-Richtlinie - Fahrer &amp; Dienste<\/div>\t\t\t\t<\/div>\n\t\t\t\t\t<\/div>\n\t\t\t\t<\/div>\n\t\t\t\t<\/div>\n\t\t<\/div>\n\t\t\t\t\t\t<\/div>\n\t\t\t\t<\/div>\n\t\t<div class=\"elementor-element elementor-element-9e799e2 e-flex e-con-boxed e-con e-parent\" data-id=\"9e799e2\" data-element_type=\"container\" data-e-type=\"container\">\n\t\t\t\t\t<div class=\"e-con-inner\">\n\t\t\t\t<div class=\"elementor-element elementor-element-5db71a8 elementor-widget elementor-widget-text-editor\" data-id=\"5db71a8\" data-element_type=\"widget\" data-e-type=\"widget\" data-widget_type=\"text-editor.default\">\n\t\t\t\t\t\t\t\t\t<p>Chauffeurs &amp; Services stellt Ihnen die rechtlichen Informationen zu seinem Unternehmen zur Verf\u00fcgung. Chauffeurs &amp; Services wird im Folgenden als \"das Unternehmen\" bezeichnet. <\/p>\t\t\t\t\t\t\t\t<\/div>\n\t\t\t\t<div class=\"elementor-element elementor-element-59f5a33 elementor-widget elementor-widget-n-accordion\" data-id=\"59f5a33\" data-element_type=\"widget\" data-e-type=\"widget\" data-settings=\"{&quot;n_accordion_animation_duration&quot;:{&quot;unit&quot;:&quot;ms&quot;,&quot;size&quot;:&quot;350&quot;,&quot;sizes&quot;:[]},&quot;default_state&quot;:&quot;expanded&quot;,&quot;max_items_expended&quot;:&quot;one&quot;}\" data-widget_type=\"nested-accordion.default\">\n\t\t\t\t\t\t\t<div class=\"e-n-accordion\" aria-label=\"Accordion. Open links with Enter or Space, close with Escape, and navigate with Arrow Keys\">\n\t\t\t\t\t\t<details id=\"e-n-accordion-item-9430\" class=\"e-n-accordion-item\" open>\n\t\t\t\t<summary class=\"e-n-accordion-item-title\" data-accordion-index=\"1\" tabindex=\"0\" aria-expanded=\"true\" aria-controls=\"e-n-accordion-item-9430\" >\n\t\t\t\t\t<span class='e-n-accordion-item-title-header'><div class=\"e-n-accordion-item-title-text\"> Cookies-Richtlinie <\/div><\/span>\n\t\t\t\t\t\t\t<span class='e-n-accordion-item-title-icon'>\n\t\t\t<span class='e-opened' ><svg aria-hidden=\"true\" class=\"e-font-icon-svg e-fas-minus\" viewBox=\"0 0 448 512\" xmlns=\"http:\/\/www.w3.org\/2000\/svg\"><path d=\"M416 208H32c-17.67 0-32 14.33-32 32v32c0 17.67 14.33 32 32 32h384c17.67 0 32-14.33 32-32v-32c0-17.67-14.33-32-32-32z\"><\/path><\/svg><\/span>\n\t\t\t<span class='e-closed'><svg aria-hidden=\"true\" class=\"e-font-icon-svg e-fas-plus\" viewBox=\"0 0 448 512\" xmlns=\"http:\/\/www.w3.org\/2000\/svg\"><path d=\"M416 208H272V64c0-17.67-14.33-32-32-32h-32c-17.67 0-32 14.33-32 32v144H32c-17.67 0-32 14.33-32 32v32c0 17.67 14.33 32 32 32h144v144c0 17.67 14.33 32 32 32h32c17.67 0 32-14.33 32-32V304h144c17.67 0 32-14.33 32-32v-32c0-17.67-14.33-32-32-32z\"><\/path><\/svg><\/span>\n\t\t<\/span>\n\n\t\t\t\t\t\t<\/summary>\n\t\t\t\t<div role=\"region\" aria-labelledby=\"e-n-accordion-item-9430\" class=\"elementor-element elementor-element-708de6e e-con-full e-flex e-con e-child\" data-id=\"708de6e\" data-element_type=\"container\" data-e-type=\"container\">\n\t\t\t\t<div class=\"elementor-element elementor-element-c29529d elementor-widget elementor-widget-text-editor\" data-id=\"c29529d\" data-element_type=\"widget\" data-e-type=\"widget\" data-widget_type=\"text-editor.default\">\n\t\t\t\t\t\t\t\t\t<p><strong>Zuletzt aktualisiert:<\/strong> November 12, 2023<\/p><p>Diese Cookie-Richtlinie erkl\u00e4rt, was Cookies sind und wie wir sie verwenden. Wenn Sie diese Richtlinie lesen, werden Sie verstehen, welche Arten von Cookies wir verwenden, welche Informationen wir durch Cookies sammeln und wie diese Informationen verwendet werden. <\/p><p><strong>Hinweis:<\/strong> Cookies enthalten normalerweise keine pers\u00f6nlich identifizierbaren Informationen. Von uns gespeicherte pers\u00f6nliche Informationen k\u00f6nnen jedoch mit den durch Cookies gesammelten Daten verkn\u00fcpft werden. Einzelheiten dar\u00fcber, wie wir Ihre pers\u00f6nlichen Daten verwalten, finden Sie in unserer <a href=\"https:\/\/chatgpt.com\/c\/677e81f3-a420-8013-b363-015fe7fc488c\" target=\"_blank\" rel=\"noopener\">Datenschutzerkl\u00e4rung<\/a>.  <\/p><p>Wir speichern keine sensiblen Informationen, wie z.B. Postadressen oder Kontopassw\u00f6rter, in Cookies.<\/p><p><strong>Definitionen<\/strong><\/p><ul><li><strong>Unternehmen:<\/strong> Bezieht sich auf Chauffeurs &amp; Services CF GmbH, F\u00e4rberstrasse 4, 8832 Wollerau, Schweiz, auch bezeichnet als \"Wir\", \"Uns\" oder \"Unser\".<\/li><li><strong>Cookies:<\/strong> Kleine Dateien, die von einer Website auf Ihrem Ger\u00e4t platziert werden und Details \u00fcber Ihre Surfaktivit\u00e4ten f\u00fcr verschiedene Zwecke speichern.<\/li><li><strong>Website:<\/strong> Verweist auf den Chauffeur-Service, erreichbar unter <a href=\"https:\/\/new.www.chauffeur-services.com\">https:\/\/new.www.chauffeur-services.com.<\/a><\/li><li><strong>Sie:<\/strong> Die nat\u00fcrliche oder juristische Person, die auf die Website zugreift oder diese nutzt.<\/li><\/ul><p><strong>Arten von Cookies, die wir verwenden<\/strong><\/p><ol><li><strong>Notwendige \/ essentielle Cookies<\/strong><ul><li><strong>Typ:<\/strong> Session-Cookies<\/li><li><strong>Verwaltet von:<\/strong> Us<\/li><li><strong>Zweck:<\/strong><ul><li>Erm\u00f6glichen Sie das ordnungsgem\u00e4\u00dfe Funktionieren der Website.<\/li><li>Authentifizieren Sie Benutzer und verhindern Sie die betr\u00fcgerische Nutzung von Konten.<\/li><li>Wesentliche, von Ihnen angeforderte Dienstleistungen zu erbringen.<\/li><li>Ohne diese Cookies funktionieren bestimmte Funktionen m\u00f6glicherweise nicht.<\/li><\/ul><\/li><\/ul><\/li><li><strong>Funktionalit\u00e4t Cookies<\/strong><ul><li><strong>Typ:<\/strong> Dauerhafte Cookies<\/li><li><strong>Verwaltet von:<\/strong> Us<\/li><li><strong>Zweck:<\/strong><ul><li>Erinnern Sie sich an Auswahlm\u00f6glichkeiten, wie z.B. Anmeldedaten oder Spracheinstellungen.<\/li><li>Verbessern Sie die Benutzerfreundlichkeit, indem Sie die Einstellungen nicht erneut eingeben m\u00fcssen.<\/li><\/ul><\/li><\/ul><\/li><\/ol><p><strong>Ihre Wahlm\u00f6glichkeiten in Bezug auf Cookies<\/strong><\/p><p>Sie k\u00f6nnen Cookies wie folgt verwalten oder deaktivieren:<\/p><ol><li><strong>Deaktivieren Sie Cookies in Ihrem Browser:<\/strong><br>Passen Sie die Einstellungen Ihres Browsers an, um zu verhindern, dass Cookies gesetzt werden.<\/li><li><strong>Cookies l\u00f6schen:<\/strong><br>Entfernen Sie vorhandene Cookies \u00fcber Ihre Browsereinstellungen. Beachten Sie jedoch, dass einige Funktionen der Website ohne Cookies m\u00f6glicherweise nicht richtig funktionieren. <\/li><\/ol><p>F\u00fcr Anweisungen zur Verwaltung von Cookies in bestimmten Browsern:<\/p><ul><li><strong>Google Chrome:<\/strong> <a href=\"https:\/\/support.google.com\/accounts\/answer\/32050\" target=\"_blank\" rel=\"noopener\">Besuchen Sie den Google Support<\/a><\/li><li><strong>Internet Explorer:<\/strong> <a href=\"http:\/\/support.microsoft.com\/kb\/278835\" target=\"_blank\" rel=\"noopener\">Besuchen Sie den Microsoft Support<\/a><\/li><li><strong>Mozilla Firefox:<\/strong> <a href=\"https:\/\/support.mozilla.org\/en-US\/kb\/delete-cookies-remove-info-websites-stored\" target=\"_blank\" rel=\"noopener\">Besuchen Sie den Mozilla Support<\/a><\/li><li><strong>Apple Safari:<\/strong> <a href=\"https:\/\/support.apple.com\/guide\/safari\/manage-cookies-and-website-data-sfri11471\/mac\" target=\"_blank\" rel=\"noopener\">Besuchen Sie den Apple Support<\/a><\/li><\/ul><p>Informationen zu anderen Browsern finden Sie auf den offiziellen Support-Seiten der jeweiligen Browser.<\/p><p><strong>Erfahren Sie mehr \u00fcber Cookies<\/strong><\/p><p>Um Cookies im Detail zu verstehen, besuchen Sie bitte: <a href=\"https:\/\/www.allaboutcookies.org\/\" target=\"_blank\" rel=\"noopener\">Alles \u00fcber Cookies<\/a>.<\/p>\t\t\t\t\t\t\t\t<\/div>\n\t\t\t\t<\/div>\n\t\t\t\t\t<\/details>\n\t\t\t\t\t\t<details id=\"e-n-accordion-item-9431\" class=\"e-n-accordion-item\" >\n\t\t\t\t<summary class=\"e-n-accordion-item-title\" data-accordion-index=\"2\" tabindex=\"-1\" aria-expanded=\"false\" aria-controls=\"e-n-accordion-item-9431\" >\n\t\t\t\t\t<span class='e-n-accordion-item-title-header'><div class=\"e-n-accordion-item-title-text\"> Kontaktieren Sie uns <\/div><\/span>\n\t\t\t\t\t\t\t<span class='e-n-accordion-item-title-icon'>\n\t\t\t<span class='e-opened' ><svg aria-hidden=\"true\" class=\"e-font-icon-svg e-fas-minus\" viewBox=\"0 0 448 512\" xmlns=\"http:\/\/www.w3.org\/2000\/svg\"><path d=\"M416 208H32c-17.67 0-32 14.33-32 32v32c0 17.67 14.33 32 32 32h384c17.67 0 32-14.33 32-32v-32c0-17.67-14.33-32-32-32z\"><\/path><\/svg><\/span>\n\t\t\t<span class='e-closed'><svg aria-hidden=\"true\" class=\"e-font-icon-svg e-fas-plus\" viewBox=\"0 0 448 512\" xmlns=\"http:\/\/www.w3.org\/2000\/svg\"><path d=\"M416 208H272V64c0-17.67-14.33-32-32-32h-32c-17.67 0-32 14.33-32 32v144H32c-17.67 0-32 14.33-32 32v32c0 17.67 14.33 32 32 32h144v144c0 17.67 14.33 32 32 32h32c17.67 0 32-14.33 32-32V304h144c17.67 0 32-14.33 32-32v-32c0-17.67-14.33-32-32-32z\"><\/path><\/svg><\/span>\n\t\t<\/span>\n\n\t\t\t\t\t\t<\/summary>\n\t\t\t\t<div role=\"region\" aria-labelledby=\"e-n-accordion-item-9431\" class=\"elementor-element elementor-element-0c94e2a e-con-full e-flex e-con e-child\" data-id=\"0c94e2a\" data-element_type=\"container\" data-e-type=\"container\">\n\t\t\t\t<div class=\"elementor-element elementor-element-40fd2fc elementor-widget elementor-widget-text-editor\" data-id=\"40fd2fc\" data-element_type=\"widget\" data-e-type=\"widget\" data-widget_type=\"text-editor.default\">\n\t\t\t\t\t\t\t\t\t<p>Bei Fragen zu dieser Cookie-Richtlinie:<\/p><ul><li><strong>E-Mail:<\/strong> <a href=\"mailto:office@chauffeur-services.com\">office@chauffeur-services.com<\/a><\/li><li><strong>Website-Kontaktformular:<\/strong> <a href=\"https:\/\/old.www.chauffeur-services.com\/contact\/\">Kontakt<\/a><\/li><li><strong>Telefon:<\/strong> +41 44 797 61 24<\/li><\/ul>\t\t\t\t\t\t\t\t<\/div>\n\t\t\t\t<\/div>\n\t\t\t\t\t<\/details>\n\t\t\t\t\t<\/div>\n\t\t\t\t\t\t<\/div>\n\t\t\t\t\t<\/div>\n\t\t\t\t<\/div>\n\t\t\t\t<\/div>\n\t\t","protected":false},"excerpt":{"rendered":"<p>Chauffeurs &amp; Services stellt Ihnen die rechtlichen Informationen zu seinem Unternehmen zur Verf\u00fcgung. Chauffeurs &amp; Services wird im Folgenden als \"das Unternehmen\" bezeichnet. Cookies-Richtlinie Zuletzt aktualisiert: November 12, 2023 Diese Cookie-Richtlinie erkl\u00e4rt, was Cookies sind und wie wir sie verwenden. Wenn Sie diese Richtlinie lesen, werden Sie verstehen, welche Arten von Cookies wir verwenden, welche [&hellip;]<\/p>\n","protected":false},"author":12,"featured_media":53913,"parent":0,"menu_order":0,"comment_status":"closed","ping_status":"closed","template":"","meta":{"_acf_changed":false,"content-type":"","footnotes":""},"class_list":["post-53912","page","type-page","status-publish","has-post-thumbnail","hentry"],"acf":[],"_links":{"self":[{"href":"https:\/\/www.chauffeur-services.com\/de\/wp-json\/wp\/v2\/pages\/53912","targetHints":{"allow":["GET"]}}],"collection":[{"href":"https:\/\/www.chauffeur-services.com\/de\/wp-json\/wp\/v2\/pages"}],"about":[{"href":"https:\/\/www.chauffeur-services.com\/de\/wp-json\/wp\/v2\/types\/page"}],"author":[{"embeddable":true,"href":"https:\/\/www.chauffeur-services.com\/de\/wp-json\/wp\/v2\/users\/12"}],"replies":[{"embeddable":true,"href":"https:\/\/www.chauffeur-services.com\/de\/wp-json\/wp\/v2\/comments?post=53912"}],"version-history":[{"count":0,"href":"https:\/\/www.chauffeur-services.com\/de\/wp-json\/wp\/v2\/pages\/53912\/revisions"}],"wp:featuredmedia":[{"embeddable":true,"href":"https:\/\/www.chauffeur-services.com\/de\/wp-json\/wp\/v2\/media\/53913"}],"wp:attachment":[{"href":"https:\/\/www.chauffeur-services.com\/de\/wp-json\/wp\/v2\/media?parent=53912"}],"curies":[{"name":"wp","href":"https:\/\/api.w.org\/{rel}","templated":true}]}}