{"id":191890,"date":"2026-02-24T08:03:33","date_gmt":"2026-02-24T07:03:33","guid":{"rendered":"https:\/\/www.chauffeur-services.com\/?page_id=191890"},"modified":"2026-02-24T10:40:03","modified_gmt":"2026-02-24T09:40:03","slug":"suedamerika","status":"publish","type":"page","link":"https:\/\/www.chauffeur-services.com\/de\/suedamerika\/","title":{"rendered":"S\u00fcdamerika"},"content":{"rendered":"\t\t<div data-elementor-type=\"wp-page\" data-elementor-id=\"191890\" class=\"elementor elementor-191890 elementor-191889\" data-elementor-post-type=\"page\">\n\t\t\t\t<div class=\"elementor-element elementor-element-0360518 e-flex e-con-boxed e-con e-parent\" data-id=\"0360518\" data-element_type=\"container\" data-e-type=\"container\" data-settings=\"{&quot;background_background&quot;:&quot;classic&quot;}\">\n\t\t\t\t\t<div class=\"e-con-inner\">\n\t\t\t\t<div class=\"elementor-element elementor-element-38e30e0 elementor-align-left elementor-widget elementor-widget-breadcrumbs\" data-id=\"38e30e0\" data-element_type=\"widget\" data-e-type=\"widget\" data-widget_type=\"breadcrumbs.default\">\n\t\t\t\t<div class=\"elementor-widget-container\">\n\t\t\t\t\t<nav aria-label=\"breadcrumbs\" class=\"rank-math-breadcrumb\"><p><span class=\"last\">Startseite<\/span><\/p><\/nav>\t\t\t\t<\/div>\n\t\t\t\t<\/div>\n\t\t\t\t<div class=\"elementor-element elementor-element-a141150 elementor-widget elementor-widget-heading\" data-id=\"a141150\" data-element_type=\"widget\" data-e-type=\"widget\" data-widget_type=\"heading.default\">\n\t\t\t\t\t<div class=\"elementor-heading-title elementor-size-default\">Reise durch die Sch\u00f6nheit S\u00fcdamerikas<\/div>\t\t\t\t<\/div>\n\t\t\t\t\t<\/div>\n\t\t\t\t<\/div>\n\t\t<div class=\"elementor-element elementor-element-20ad0b9 e-flex e-con-boxed e-con e-parent\" data-id=\"20ad0b9\" data-element_type=\"container\" data-e-type=\"container\" data-settings=\"{&quot;background_background&quot;:&quot;classic&quot;,&quot;background_motion_fx_motion_fx_mouse&quot;:&quot;yes&quot;}\">\n\t\t\t\t\t<div class=\"e-con-inner\">\n\t\t\t\t<div class=\"elementor-element elementor-element-9963c1a elementor-widget__width-inherit elementor-widget elementor-widget-heading\" data-id=\"9963c1a\" data-element_type=\"widget\" data-e-type=\"widget\" data-widget_type=\"heading.default\">\n\t\t\t\t\t<h2 class=\"elementor-heading-title elementor-size-default\">Lassen Sie uns gemeinsam ein Reiseziel ausw\u00e4hlen<\/h2>\t\t\t\t<\/div>\n\t\t\t\t<div class=\"elementor-element elementor-element-1196406 elementor-widget elementor-widget-text-editor\" data-id=\"1196406\" data-element_type=\"widget\" data-e-type=\"widget\" data-widget_type=\"text-editor.default\">\n\t\t\t\t\t\t\t\t\t<p>Erleben Sie S\u00fcdamerika in raffiniertem Komfort mit unserem <strong>Premium-Chauffeurservice in S\u00fcdamerika<\/strong>, wo Luxusreisen auf kulturelle Entdeckungen treffen. Von nahtlosen Flughafentransfers bis hin zu ma\u00dfgeschneiderten Stadtrundfahrten bieten wir Ihnen die Bef\u00f6rderung von Gesch\u00e4ftsleuten zu den ber\u00fchmtesten Zielen des Kontinents. <\/p><p>Kommen Sie stilvoll in Rio de Janeiro an, erkunden Sie die historische Eleganz von Buenos Aires, oder reisen Sie bequem durch die H\u00f6hen von Santiago. Ob Sie den atemberaubenden Machu Picchu besuchen oder an einem Gesch\u00e4ftstreffen in S\u00e3o Paulo teilnehmen, unsere professionellen Chauffeure sorgen f\u00fcr P\u00fcnktlichkeit, Diskretion und erstklassigen Service. <\/p><p>Unser luxuri\u00f6ser Chauffeurservice in S\u00fcdamerika ist f\u00fcr Gesch\u00e4ftsreisende, VIP-G\u00e4ste und anspruchsvolle Touristen gedacht, die Zuverl\u00e4ssigkeit, Sicherheit und Raffinesse erwarten. Entdecken Sie die pulsierende Kultur, die dramatischen Landschaften und die kosmopolitischen Hauptst\u00e4dte des Kontinents mit dem Komfort eines privaten, auf Ihre Reise zugeschnittenen Chauffeurservices. <\/p>\t\t\t\t\t\t\t\t<\/div>\n\t\t\t\t\t<\/div>\n\t\t\t\t<\/div>\n\t\t<div class=\"elementor-element elementor-element-5145956 e-flex e-con-boxed e-con e-parent\" data-id=\"5145956\" data-element_type=\"container\" data-e-type=\"container\">\n\t\t\t\t\t<div class=\"e-con-inner\">\n\t\t<div class=\"elementor-element elementor-element-8e6b609 e-con-full e-flex e-con e-child\" data-id=\"8e6b609\" data-element_type=\"container\" data-e-type=\"container\">\n\t\t\t\t<div class=\"elementor-element elementor-element-e2076c4 elementor-grid-4 elementor-grid-tablet-2 elementor-grid-mobile-1 elementor-widget elementor-widget-loop-grid\" data-id=\"e2076c4\" data-element_type=\"widget\" data-e-type=\"widget\" data-settings=\"{&quot;template_id&quot;:55176,&quot;columns&quot;:4,&quot;_skin&quot;:&quot;post&quot;,&quot;columns_tablet&quot;:&quot;2&quot;,&quot;columns_mobile&quot;:&quot;1&quot;,&quot;edit_handle_selector&quot;:&quot;[data-elementor-type=\\&quot;loop-item\\&quot;]&quot;,&quot;row_gap&quot;:{&quot;unit&quot;:&quot;px&quot;,&quot;size&quot;:&quot;&quot;,&quot;sizes&quot;:[]},&quot;row_gap_laptop&quot;:{&quot;unit&quot;:&quot;px&quot;,&quot;size&quot;:&quot;&quot;,&quot;sizes&quot;:[]},&quot;row_gap_tablet_extra&quot;:{&quot;unit&quot;:&quot;px&quot;,&quot;size&quot;:&quot;&quot;,&quot;sizes&quot;:[]},&quot;row_gap_tablet&quot;:{&quot;unit&quot;:&quot;px&quot;,&quot;size&quot;:&quot;&quot;,&quot;sizes&quot;:[]},&quot;row_gap_mobile_extra&quot;:{&quot;unit&quot;:&quot;px&quot;,&quot;size&quot;:&quot;&quot;,&quot;sizes&quot;:[]},&quot;row_gap_mobile&quot;:{&quot;unit&quot;:&quot;px&quot;,&quot;size&quot;:&quot;&quot;,&quot;sizes&quot;:[]}}\" data-widget_type=\"loop-grid.post\">\n\t\t\t\t<div class=\"elementor-widget-container\">\n\t\t\t\t\t\t\t<div class=\"elementor-loop-container elementor-grid\" role=\"list\">\n\t\t<style id=\"loop-55176\">.elementor-55176 .elementor-element.elementor-element-2aaf139{--display:flex;--flex-direction:column;--container-widget-width:100%;--container-widget-height:initial;--container-widget-flex-grow:0;--container-widget-align-self:initial;--flex-wrap-mobile:wrap;--justify-content:flex-start;--gap:0px 0px;--row-gap:0px;--column-gap:0px;--padding-top:0px;--padding-bottom:0px;--padding-left:0px;--padding-right:0px;}.elementor-55176 .elementor-element.elementor-element-2aaf139.e-con{--align-self:flex-start;}.elementor-55176 .elementor-element.elementor-element-40c4eb3{--display:flex;--flex-direction:column;--container-widget-width:100%;--container-widget-height:initial;--container-widget-flex-grow:0;--container-widget-align-self:initial;--flex-wrap-mobile:wrap;--justify-content:flex-start;--gap:0px 0px;--row-gap:0px;--column-gap:0px;--border-radius:8px 8px 8px 8px;box-shadow:0px 8px 24px 0px rgba(0, 0, 0, 0.13);--padding-top:0px;--padding-bottom:0px;--padding-left:0px;--padding-right:0px;}.elementor-55176 .elementor-element.elementor-element-5be9cea img{width:100%;max-width:100%;height:288px;object-fit:cover;object-position:center center;filter:brightness( 77% ) contrast( 100% ) saturate( 100% ) blur( 0px ) hue-rotate( 0deg );transition-duration:0.5s;border-radius:8px 8px 0px 0px;}.elementor-55176 .elementor-element.elementor-element-5be9cea:hover img{filter:brightness( 100% ) contrast( 100% ) saturate( 100% ) blur( 0px ) hue-rotate( 0deg );}.elementor-55176 .elementor-element.elementor-element-ec1043f{--display:flex;--flex-direction:column;--container-widget-width:calc( ( 1 - var( --container-widget-flex-grow ) ) * 100% );--container-widget-height:initial;--container-widget-flex-grow:0;--container-widget-align-self:initial;--flex-wrap-mobile:wrap;--justify-content:flex-start;--align-items:stretch;--flex-wrap:wrap;--padding-top:34px;--padding-bottom:34px;--padding-left:26px;--padding-right:26px;}.elementor-55176 .elementor-element.elementor-element-28f7489{text-align:center;width:100%;max-width:100%;}.elementor-55176 .elementor-element.elementor-element-28f7489 .elementor-heading-title{font-size:21px;font-weight:600;}.elementor-55176 .elementor-element.elementor-element-1939203 .elementor-button{fill:var( --e-global-color-fe95d00 );color:var( --e-global-color-fe95d00 );background-color:var( --e-global-color-c7753f6 );transition-duration:0.35s;border-style:solid;border-width:0px 0px 1px 0px;border-color:var( --e-global-color-f35eeee );border-radius:0px 0px 0px 0px;padding:8px 0px 13px 0px;}.elementor-55176 .elementor-element.elementor-element-1939203 .elementor-button:hover, .elementor-55176 .elementor-element.elementor-element-1939203 .elementor-button:focus{color:var( --e-global-color-83707e3 );background-color:var( --e-global-color-c7753f6 );border-color:var( --e-global-color-83707e3 );}.elementor-55176 .elementor-element.elementor-element-1939203 .elementor-button:hover svg, .elementor-55176 .elementor-element.elementor-element-1939203 .elementor-button:focus svg{fill:var( --e-global-color-83707e3 );}@media(max-width:1200px){.elementor-55176 .elementor-element.elementor-element-5be9cea img{height:233px;}.elementor-55176 .elementor-element.elementor-element-28f7489 .elementor-heading-title{font-size:19px;}}@media(max-width:1024px){.elementor-55176 .elementor-element.elementor-element-ec1043f{--padding-top:34px;--padding-bottom:34px;--padding-left:21px;--padding-right:21px;}}@media(max-width:880px){.elementor-55176 .elementor-element.elementor-element-5be9cea img{height:199px;}.elementor-55176 .elementor-element.elementor-element-ec1043f{--flex-direction:column;--container-widget-width:calc( ( 1 - var( --container-widget-flex-grow ) ) * 100% );--container-widget-height:initial;--container-widget-flex-grow:0;--container-widget-align-self:initial;--flex-wrap-mobile:wrap;--justify-content:flex-start;--align-items:center;}.elementor-55176 .elementor-element.elementor-element-28f7489 .elementor-heading-title{font-size:17px;}.elementor-55176 .elementor-element.elementor-element-28f7489.elementor-element{--order:-99999 \/* order start hack *\/;}}@media(max-width:767px){.elementor-55176 .elementor-element.elementor-element-ec1043f{--justify-content:flex-start;--align-items:center;--container-widget-width:calc( ( 1 - var( --container-widget-flex-grow ) ) * 100% );}.elementor-55176 .elementor-element.elementor-element-28f7489.elementor-element{--order:-99999 \/* order start hack *\/;}}\/* Start custom CSS for theme-post-featured-image, class: .elementor-element-5be9cea *\/.elementor-55176 .elementor-element.elementor-element-5be9cea a {\n    width: inherit;\n    display: inherit;\n    height: inherit;\n}\/* End custom CSS *\/\n\/* Start custom CSS for heading, class: .elementor-element-28f7489 *\/.elementor-55176 .elementor-element.elementor-element-28f7489 a {\n    font-weight: inherit;\n    transition: all ease 450ms;\n}\n\n.elementor-55176 .elementor-element.elementor-element-28f7489 a:hover {\n    color: #CFDBD5 !important;\n    transition: all ease 450ms;\n}\/* End custom CSS *\/\n\/* Start custom CSS for container, class: .elementor-element-40c4eb3 *\/.elementor-55176 .elementor-element.elementor-element-40c4eb3 {\n    position: relative;\n}\/* End custom CSS *\/<\/style>\t\t<div data-elementor-type=\"loop-item\" data-elementor-id=\"55176\" class=\"elementor elementor-55176 elementor-20887 elementor-20887 e-loop-item e-loop-item-196148 post-196148 destinations type-destinations status-publish has-post-thumbnail hentry country-argentina\" data-elementor-post-type=\"elementor_library\" data-custom-edit-handle=\"1\">\n\t\t\t<div class=\"elementor-element elementor-element-2aaf139 e-flex e-con-boxed e-con e-parent\" data-id=\"2aaf139\" data-element_type=\"container\" data-e-type=\"container\">\n\t\t\t\t\t<div class=\"e-con-inner\">\n\t\t<div class=\"elementor-element elementor-element-40c4eb3 e-flex e-con-boxed e-con e-child\" data-id=\"40c4eb3\" data-element_type=\"container\" data-e-type=\"container\" data-settings=\"{&quot;background_background&quot;:&quot;classic&quot;}\">\n\t\t\t\t\t<div class=\"e-con-inner\">\n\t\t\t\t<div class=\"elementor-element elementor-element-5be9cea elementor-widget elementor-widget-theme-post-featured-image elementor-widget-image\" data-id=\"5be9cea\" data-element_type=\"widget\" data-e-type=\"widget\" data-widget_type=\"theme-post-featured-image.default\">\n\t\t\t\t\t\t\t\t\t\t\t\t\t\t\t\t<a href=\"https:\/\/www.chauffeur-services.com\/de\/reiseziele\/argentinien\/\">\n\t\t\t\t\t\t\t<img fetchpriority=\"high\" decoding=\"async\" width=\"600\" height=\"400\" src=\"https:\/\/www.chauffeur-services.com\/wp-content\/uploads\/2026\/03\/argentina-flag.webp\" class=\"attachment-full size-full wp-image-196162\" alt=\"Argentinien\" title=\"\">\t\t\t\t\t\t\t\t<\/a>\n\t\t\t\t\t\t\t\t\t\t\t\t\t\t\t<\/div>\n\t\t<div class=\"elementor-element elementor-element-ec1043f e-flex e-con-boxed e-con e-child\" data-id=\"ec1043f\" data-element_type=\"container\" data-e-type=\"container\" data-settings=\"{&quot;background_background&quot;:&quot;classic&quot;}\">\n\t\t\t\t\t<div class=\"e-con-inner\">\n\t\t\t\t<div class=\"elementor-element elementor-element-28f7489 elementor-widget__width-inherit elementor-widget elementor-widget-heading\" data-id=\"28f7489\" data-element_type=\"widget\" data-e-type=\"widget\" data-widget_type=\"heading.default\">\n\t\t\t\t\t<h3 class=\"elementor-heading-title elementor-size-default\">Argentinien<\/h3>\t\t\t\t<\/div>\n\t\t\t\t<div class=\"elementor-element elementor-element-1939203 elementor-align-center elementor-widget elementor-widget-button\" data-id=\"1939203\" data-element_type=\"widget\" data-e-type=\"widget\" data-widget_type=\"button.default\">\n\t\t\t\t\t\t\t\t\t\t<a class=\"elementor-button elementor-button-link elementor-size-sm\" href=\"https:\/\/www.chauffeur-services.com\/de\/reiseziele\/argentinien\/\">\n\t\t\t\t\t\t<span class=\"elementor-button-content-wrapper\">\n\t\t\t\t\t\t\t\t\t<span class=\"elementor-button-text\">Entdecken Sie<\/span>\n\t\t\t\t\t<\/span>\n\t\t\t\t\t<\/a>\n\t\t\t\t\t\t\t\t<\/div>\n\t\t\t\t\t<\/div>\n\t\t\t\t<\/div>\n\t\t\t\t\t<\/div>\n\t\t\t\t<\/div>\n\t\t\t\t\t<\/div>\n\t\t\t\t<\/div>\n\t\t\t\t<\/div>\n\t\t\t\t<div data-elementor-type=\"loop-item\" data-elementor-id=\"55176\" class=\"elementor elementor-55176 elementor-20887 elementor-20887 e-loop-item e-loop-item-192142 post-192142 destinations type-destinations status-publish has-post-thumbnail hentry country-brazil\" data-elementor-post-type=\"elementor_library\" data-custom-edit-handle=\"1\">\n\t\t\t<div class=\"elementor-element elementor-element-2aaf139 e-flex e-con-boxed e-con e-parent\" data-id=\"2aaf139\" data-element_type=\"container\" data-e-type=\"container\">\n\t\t\t\t\t<div class=\"e-con-inner\">\n\t\t<div class=\"elementor-element elementor-element-40c4eb3 e-flex e-con-boxed e-con e-child\" data-id=\"40c4eb3\" data-element_type=\"container\" data-e-type=\"container\" data-settings=\"{&quot;background_background&quot;:&quot;classic&quot;}\">\n\t\t\t\t\t<div class=\"e-con-inner\">\n\t\t\t\t<div class=\"elementor-element elementor-element-5be9cea elementor-widget elementor-widget-theme-post-featured-image elementor-widget-image\" data-id=\"5be9cea\" data-element_type=\"widget\" data-e-type=\"widget\" data-widget_type=\"theme-post-featured-image.default\">\n\t\t\t\t\t\t\t\t\t\t\t\t\t\t\t\t<a href=\"https:\/\/www.chauffeur-services.com\/de\/reiseziele\/brasilien\/\">\n\t\t\t\t\t\t\t<img decoding=\"async\" width=\"900\" height=\"600\" src=\"https:\/\/www.chauffeur-services.com\/wp-content\/uploads\/2026\/02\/brazil-flag.jpg\" class=\"attachment-full size-full wp-image-192157\" alt=\"Brasilien\" srcset=\"https:\/\/www.chauffeur-services.com\/wp-content\/uploads\/2026\/02\/brazil-flag.jpg 900w, https:\/\/www.chauffeur-services.com\/wp-content\/uploads\/2026\/02\/brazil-flag-600x400.jpg 600w, https:\/\/www.chauffeur-services.com\/wp-content\/uploads\/2026\/02\/brazil-flag-768x512.jpg 768w\" sizes=\"(max-width: 900px) 100vw, 900px\" title=\"\">\t\t\t\t\t\t\t\t<\/a>\n\t\t\t\t\t\t\t\t\t\t\t\t\t\t\t<\/div>\n\t\t<div class=\"elementor-element elementor-element-ec1043f e-flex e-con-boxed e-con e-child\" data-id=\"ec1043f\" data-element_type=\"container\" data-e-type=\"container\" data-settings=\"{&quot;background_background&quot;:&quot;classic&quot;}\">\n\t\t\t\t\t<div class=\"e-con-inner\">\n\t\t\t\t<div class=\"elementor-element elementor-element-28f7489 elementor-widget__width-inherit elementor-widget elementor-widget-heading\" data-id=\"28f7489\" data-element_type=\"widget\" data-e-type=\"widget\" data-widget_type=\"heading.default\">\n\t\t\t\t\t<h3 class=\"elementor-heading-title elementor-size-default\">Brasilien<\/h3>\t\t\t\t<\/div>\n\t\t\t\t<div class=\"elementor-element elementor-element-1939203 elementor-align-center elementor-widget elementor-widget-button\" data-id=\"1939203\" data-element_type=\"widget\" data-e-type=\"widget\" data-widget_type=\"button.default\">\n\t\t\t\t\t\t\t\t\t\t<a class=\"elementor-button elementor-button-link elementor-size-sm\" href=\"https:\/\/www.chauffeur-services.com\/de\/reiseziele\/brasilien\/\">\n\t\t\t\t\t\t<span class=\"elementor-button-content-wrapper\">\n\t\t\t\t\t\t\t\t\t<span class=\"elementor-button-text\">Entdecken Sie<\/span>\n\t\t\t\t\t<\/span>\n\t\t\t\t\t<\/a>\n\t\t\t\t\t\t\t\t<\/div>\n\t\t\t\t\t<\/div>\n\t\t\t\t<\/div>\n\t\t\t\t\t<\/div>\n\t\t\t\t<\/div>\n\t\t\t\t\t<\/div>\n\t\t\t\t<\/div>\n\t\t\t\t<\/div>\n\t\t\t\t<div data-elementor-type=\"loop-item\" data-elementor-id=\"55176\" class=\"elementor elementor-55176 elementor-20887 elementor-20887 e-loop-item e-loop-item-194899 post-194899 destinations type-destinations status-publish has-post-thumbnail hentry country-colombia\" data-elementor-post-type=\"elementor_library\" data-custom-edit-handle=\"1\">\n\t\t\t<div class=\"elementor-element elementor-element-2aaf139 e-flex e-con-boxed e-con e-parent\" data-id=\"2aaf139\" data-element_type=\"container\" data-e-type=\"container\">\n\t\t\t\t\t<div class=\"e-con-inner\">\n\t\t<div class=\"elementor-element elementor-element-40c4eb3 e-flex e-con-boxed e-con e-child\" data-id=\"40c4eb3\" data-element_type=\"container\" data-e-type=\"container\" data-settings=\"{&quot;background_background&quot;:&quot;classic&quot;}\">\n\t\t\t\t\t<div class=\"e-con-inner\">\n\t\t\t\t<div class=\"elementor-element elementor-element-5be9cea elementor-widget elementor-widget-theme-post-featured-image elementor-widget-image\" data-id=\"5be9cea\" data-element_type=\"widget\" data-e-type=\"widget\" data-widget_type=\"theme-post-featured-image.default\">\n\t\t\t\t\t\t\t\t\t\t\t\t\t\t\t\t<a href=\"https:\/\/www.chauffeur-services.com\/de\/reiseziele\/kolumbien\/\">\n\t\t\t\t\t\t\t<img decoding=\"async\" width=\"800\" height=\"533\" src=\"https:\/\/www.chauffeur-services.com\/wp-content\/uploads\/2026\/03\/colombia-flag.png\" class=\"attachment-full size-full wp-image-194914\" alt=\"Kolumbien\" srcset=\"https:\/\/www.chauffeur-services.com\/wp-content\/uploads\/2026\/03\/colombia-flag.png 800w, https:\/\/www.chauffeur-services.com\/wp-content\/uploads\/2026\/03\/colombia-flag-600x400.png 600w, https:\/\/www.chauffeur-services.com\/wp-content\/uploads\/2026\/03\/colombia-flag-768x512.png 768w\" sizes=\"(max-width: 800px) 100vw, 800px\" title=\"\">\t\t\t\t\t\t\t\t<\/a>\n\t\t\t\t\t\t\t\t\t\t\t\t\t\t\t<\/div>\n\t\t<div class=\"elementor-element elementor-element-ec1043f e-flex e-con-boxed e-con e-child\" data-id=\"ec1043f\" data-element_type=\"container\" data-e-type=\"container\" data-settings=\"{&quot;background_background&quot;:&quot;classic&quot;}\">\n\t\t\t\t\t<div class=\"e-con-inner\">\n\t\t\t\t<div class=\"elementor-element elementor-element-28f7489 elementor-widget__width-inherit elementor-widget elementor-widget-heading\" data-id=\"28f7489\" data-element_type=\"widget\" data-e-type=\"widget\" data-widget_type=\"heading.default\">\n\t\t\t\t\t<h3 class=\"elementor-heading-title elementor-size-default\">Kolumbien<\/h3>\t\t\t\t<\/div>\n\t\t\t\t<div class=\"elementor-element elementor-element-1939203 elementor-align-center elementor-widget elementor-widget-button\" data-id=\"1939203\" data-element_type=\"widget\" data-e-type=\"widget\" data-widget_type=\"button.default\">\n\t\t\t\t\t\t\t\t\t\t<a class=\"elementor-button elementor-button-link elementor-size-sm\" href=\"https:\/\/www.chauffeur-services.com\/de\/reiseziele\/kolumbien\/\">\n\t\t\t\t\t\t<span class=\"elementor-button-content-wrapper\">\n\t\t\t\t\t\t\t\t\t<span class=\"elementor-button-text\">Entdecken Sie<\/span>\n\t\t\t\t\t<\/span>\n\t\t\t\t\t<\/a>\n\t\t\t\t\t\t\t\t<\/div>\n\t\t\t\t\t<\/div>\n\t\t\t\t<\/div>\n\t\t\t\t\t<\/div>\n\t\t\t\t<\/div>\n\t\t\t\t\t<\/div>\n\t\t\t\t<\/div>\n\t\t\t\t<\/div>\n\t\t\t\t<\/div>\n\t\t\n\t\t\t\t\t\t<\/div>\n\t\t\t\t<\/div>\n\t\t\t\t<\/div>\n\t\t\t\t\t<\/div>\n\t\t\t\t<\/div>\n\t\t\t\t<\/div>\n\t\t","protected":false},"excerpt":{"rendered":"<p>W\u00e4hlen Sie ein Reiseziel im Nahen Osten Lassen Sie uns gemeinsam ein Reiseziel ausw\u00e4hlen Entdecken Sie den Nahen Osten in all seinem Reichtum, wo Tradition auf moderne Raffinesse trifft. Von der zeitlosen Faszination Petras und den goldenen W\u00fcsten Arabiens bis hin zu den architektonischen Wunderwerken Dubais, Dohas und Riads, tauchen Sie ein in ein Land, das von Geschichte und Pracht durchdrungen ist. Setzen Sie Ihre Reise fort zu den lebendigen Souks von Marrakesch, den ruhigen Ufern des Roten Meeres und den kulturellen Sch\u00e4tzen Kairos, wo Eleganz und Erbe m\u00fchelos ineinander \u00fcbergehen.<\/p>\n","protected":false},"author":12,"featured_media":152827,"parent":0,"menu_order":0,"comment_status":"closed","ping_status":"closed","template":"","meta":{"_acf_changed":false,"content-type":"","footnotes":""},"class_list":["post-191890","page","type-page","status-publish","has-post-thumbnail","hentry"],"acf":[],"_links":{"self":[{"href":"https:\/\/www.chauffeur-services.com\/de\/wp-json\/wp\/v2\/pages\/191890","targetHints":{"allow":["GET"]}}],"collection":[{"href":"https:\/\/www.chauffeur-services.com\/de\/wp-json\/wp\/v2\/pages"}],"about":[{"href":"https:\/\/www.chauffeur-services.com\/de\/wp-json\/wp\/v2\/types\/page"}],"author":[{"embeddable":true,"href":"https:\/\/www.chauffeur-services.com\/de\/wp-json\/wp\/v2\/users\/12"}],"replies":[{"embeddable":true,"href":"https:\/\/www.chauffeur-services.com\/de\/wp-json\/wp\/v2\/comments?post=191890"}],"version-history":[{"count":0,"href":"https:\/\/www.chauffeur-services.com\/de\/wp-json\/wp\/v2\/pages\/191890\/revisions"}],"wp:featuredmedia":[{"embeddable":true,"href":"https:\/\/www.chauffeur-services.com\/de\/wp-json\/wp\/v2\/media\/152827"}],"wp:attachment":[{"href":"https:\/\/www.chauffeur-services.com\/de\/wp-json\/wp\/v2\/media?parent=191890"}],"curies":[{"name":"wp","href":"https:\/\/api.w.org\/{rel}","templated":true}]}}