{"id":111588,"date":"2025-06-13T15:28:07","date_gmt":"2025-06-13T13:28:07","guid":{"rendered":"https:\/\/www.chauffeur-services.com\/?page_id=111588"},"modified":"2025-11-01T07:03:12","modified_gmt":"2025-11-01T06:03:12","slug":"fahrzeuge","status":"publish","type":"page","link":"https:\/\/www.chauffeur-services.com\/de\/partner\/fahrzeuge\/","title":{"rendered":"Partner - Fahrzeugeignung"},"content":{"rendered":"\t\t<div data-elementor-type=\"wp-page\" data-elementor-id=\"111588\" class=\"elementor elementor-111588\" data-elementor-post-type=\"page\">\n\t\t\t\t<div class=\"elementor-element elementor-element-7e1f6aa e-con-full e-flex e-con e-parent\" data-id=\"7e1f6aa\" data-element_type=\"container\" data-e-type=\"container\">\n\t\t\t\t<div class=\"elementor-element elementor-element-8f0ecf4 elementor-widget elementor-widget-shortcode\" data-id=\"8f0ecf4\" data-element_type=\"widget\" data-e-type=\"widget\" data-widget_type=\"shortcode.default\">\n\t\t\t\t\t\t\t<div class=\"elementor-shortcode\">\t\t<div data-elementor-type=\"container\" data-elementor-id=\"54448\" class=\"elementor elementor-54448 elementor-150 elementor-150\" data-elementor-post-type=\"elementor_library\">\n\t\t\t\t<div class=\"elementor-element elementor-element-4cea5e52 e-flex e-con-boxed e-con e-parent\" data-id=\"4cea5e52\" data-element_type=\"container\" data-e-type=\"container\" data-settings=\"{&quot;background_background&quot;:&quot;classic&quot;}\">\n\t\t\t\t\t<div class=\"e-con-inner\">\n\t\t\t\t<div class=\"elementor-element elementor-element-681f125e elementor-align-left elementor-widget elementor-widget-breadcrumbs\" data-id=\"681f125e\" data-element_type=\"widget\" data-e-type=\"widget\" data-widget_type=\"breadcrumbs.default\">\n\t\t\t\t<div class=\"elementor-widget-container\">\n\t\t\t\t\t<nav aria-label=\"breadcrumbs\" class=\"rank-math-breadcrumb\"><p><span class=\"last\">Startseite<\/span><\/p><\/nav>\t\t\t\t<\/div>\n\t\t\t\t<\/div>\n\t\t\t\t<div class=\"elementor-element elementor-element-559b15b7 elementor-widget elementor-widget-heading\" data-id=\"559b15b7\" data-element_type=\"widget\" data-e-type=\"widget\" data-widget_type=\"heading.default\">\n\t\t\t\t\t<div class=\"elementor-heading-title elementor-size-default\">Fahrzeugeignungsliste | Chauffeure  Services<\/div>\t\t\t\t<\/div>\n\t\t\t\t\t<\/div>\n\t\t\t\t<\/div>\n\t\t\t\t<\/div>\n\t\t<\/div>\n\t\t\t\t\t\t<\/div>\n\t\t\t\t<\/div>\n\t\t<div class=\"elementor-element elementor-element-a63bc4f e-flex e-con-boxed e-con e-parent\" data-id=\"a63bc4f\" data-element_type=\"container\" data-e-type=\"container\">\n\t\t\t\t\t<div class=\"e-con-inner\">\n\t\t\t\t<div class=\"elementor-element elementor-element-2d95331 elementor-widget__width-inherit elementor-widget elementor-widget-heading\" data-id=\"2d95331\" data-element_type=\"widget\" data-e-type=\"widget\" data-widget_type=\"heading.default\">\n\t\t\t\t\t<h2 class=\"elementor-heading-title elementor-size-default\">Fahrzeugeignung: Limousinen, SUVs  Vans <\/h2>\t\t\t\t<\/div>\n\t\t<div class=\"elementor-element elementor-element-7af93a9 e-con-full e-flex e-con e-child\" data-id=\"7af93a9\" data-element_type=\"container\" data-e-type=\"container\">\n\t\t\t\t<div class=\"elementor-element elementor-element-223ccfa elementor-widget elementor-widget-text-editor\" data-id=\"223ccfa\" data-element_type=\"widget\" data-e-type=\"widget\" data-widget_type=\"text-editor.default\">\n\t\t\t\t\t\t\t\t\t<p class=\"\" data-start=\"261\" data-end=\"441\">Wir sind bestrebt, erstklassige L\u00f6sungen anzubieten, und ein wesentlicher Bestandteil dieses Engagements ist die Sicherstellung, dass unsere Flotte aus Fahrzeugen h\u00f6chster Qualit\u00e4t besteht. Diese Seite erl\u00e4utert die spezifischen Kriterien f\u00fcr die Eignung von Fahrzeugen in unserem Netzwerk, wobei der Fokus auf <strong>schwarzen<\/strong> Luxuslimousinen, SUVs und Vans liegt, die <strong>nicht \u00e4lter als vier Jahre sind.<\/strong> Unsere Standards sind darauf ausgelegt, Komfort, Sicherheit und eine hochwertige \u00c4sthetik f\u00fcr unsere anspruchsvolle Kundschaft zu gew\u00e4hrleisten und spiegeln die Exzellenz wider, f\u00fcr die Chauffeur  Services steht. <\/p>\t\t\t\t\t\t\t\t<\/div>\n\t\t\t\t<\/div>\n\t\t\t\t\t<\/div>\n\t\t\t\t<\/div>\n\t\t<div class=\"elementor-element elementor-element-bdb9ce1 e-flex e-con-boxed e-con e-parent\" data-id=\"bdb9ce1\" data-element_type=\"container\" data-e-type=\"container\">\n\t\t\t\t\t<div class=\"e-con-inner\">\n\t\t<div class=\"elementor-element elementor-element-307e08c e-con-full e-flex e-con e-child\" data-id=\"307e08c\" data-element_type=\"container\" data-e-type=\"container\">\n\t\t\t\t<div class=\"elementor-element elementor-element-acb5f94 elementor-widget elementor-widget-image\" data-id=\"acb5f94\" data-element_type=\"widget\" data-e-type=\"widget\" data-widget_type=\"image.default\">\n\t\t\t\t\t\t\t\t\t\t\t\t\t\t\t<img fetchpriority=\"high\" decoding=\"async\" width=\"800\" height=\"333\" src=\"https:\/\/www.chauffeur-services.com\/wp-content\/uploads\/business-class-1200x500.webp\" class=\"attachment-large size-large wp-image-154921\" alt=\"\" srcset=\"https:\/\/www.chauffeur-services.com\/wp-content\/uploads\/business-class-1200x500.webp 1200w, https:\/\/www.chauffeur-services.com\/wp-content\/uploads\/business-class-600x250.webp 600w, https:\/\/www.chauffeur-services.com\/wp-content\/uploads\/business-class-768x320.webp 768w, https:\/\/www.chauffeur-services.com\/wp-content\/uploads\/business-class.webp 1440w\" sizes=\"(max-width: 800px) 100vw, 800px\" title=\"\">\t\t\t\t\t\t\t\t\t\t\t\t\t\t\t<\/div>\n\t\t\t\t<div class=\"elementor-element elementor-element-c6372d0 elementor-widget elementor-widget-heading\" data-id=\"c6372d0\" data-element_type=\"widget\" data-e-type=\"widget\" data-widget_type=\"heading.default\">\n\t\t\t\t\t<h3 class=\"elementor-heading-title elementor-size-default\">Luxuslimousinen \/ Exekutivlimousinen\n<\/h3>\t\t\t\t<\/div>\n\t\t\t\t<div class=\"elementor-element elementor-element-1a6c979 elementor-widget elementor-widget-text-editor\" data-id=\"1a6c979\" data-element_type=\"widget\" data-e-type=\"widget\" data-widget_type=\"text-editor.default\">\n\t\t\t\t\t\t\t\t\t<ul><li>Audi A6<\/li><li>Audi A6 e-Tron<\/li><li>Audi A8<\/li><li>BMW 5er-Reihe<\/li><li>BMW 7er-Reihe<\/li><li>BMW i5<\/li><li>BMW i7<\/li><li>Cadillac CT6<\/li><li>Genesis G80 electric<\/li><li>Genesis G90<\/li><li>Lucid Air<\/li><li>Mercedes-Benz E-Klasse<\/li><li>Mercedes-Benz EQE<\/li><li>Mercedes-Benz EQS<\/li><li>Mercedes-Benz S-Klasse<\/li><li>Tesla Model S<\/li><li>Volvo S90<\/li><\/ul>\t\t\t\t\t\t\t\t<\/div>\n\t\t\t\t<\/div>\n\t\t<div class=\"elementor-element elementor-element-174d437 e-con-full e-flex e-con e-child\" data-id=\"174d437\" data-element_type=\"container\" data-e-type=\"container\">\n\t\t\t\t<div class=\"elementor-element elementor-element-ef3b867 elementor-widget elementor-widget-image\" data-id=\"ef3b867\" data-element_type=\"widget\" data-e-type=\"widget\" data-widget_type=\"image.default\">\n\t\t\t\t\t\t\t\t\t\t\t\t\t\t\t<img decoding=\"async\" width=\"800\" height=\"333\" src=\"https:\/\/www.chauffeur-services.com\/wp-content\/uploads\/2025\/03\/business-electric-usa-1200x500.jpg\" class=\"attachment-large size-large wp-image-64937\" alt=\"\" srcset=\"https:\/\/www.chauffeur-services.com\/wp-content\/uploads\/2025\/03\/business-electric-usa-1200x500.jpg 1200w, https:\/\/www.chauffeur-services.com\/wp-content\/uploads\/2025\/03\/business-electric-usa-600x250.jpg 600w, https:\/\/www.chauffeur-services.com\/wp-content\/uploads\/2025\/03\/business-electric-usa-768x320.jpg 768w, https:\/\/www.chauffeur-services.com\/wp-content\/uploads\/2025\/03\/business-electric-usa.jpg 1440w\" sizes=\"(max-width: 800px) 100vw, 800px\" title=\"\">\t\t\t\t\t\t\t\t\t\t\t\t\t\t\t<\/div>\n\t\t\t\t<div class=\"elementor-element elementor-element-667e6b3 elementor-widget elementor-widget-heading\" data-id=\"667e6b3\" data-element_type=\"widget\" data-e-type=\"widget\" data-widget_type=\"heading.default\">\n\t\t\t\t\t<h3 class=\"elementor-heading-title elementor-size-default\">Luxuri\u00f6se Elektro-SUVs  -Limousinen<\/h3>\t\t\t\t<\/div>\n\t\t\t\t<div class=\"elementor-element elementor-element-272cc55 elementor-widget elementor-widget-text-editor\" data-id=\"272cc55\" data-element_type=\"widget\" data-e-type=\"widget\" data-widget_type=\"text-editor.default\">\n\t\t\t\t\t\t\t\t\t<ul>\n \t<li>BMW i5<\/li>\n \t<li>BMW i7<\/li>\n \t<li>Cadillac Lyriq<\/li>\n \t<li>Genesis G80 electric<\/li>\n \t<li>Lucid Air<\/li>\n \t<li>Mercedes-Benz EQE<\/li>\n \t<li>Mercedes-Benz EQE SUV<\/li>\n \t<li>Mercedes-Benz EQS<\/li>\n \t<li>Mercedes-Benz EQS SUV<\/li>\n \t<li>Tesla Model S<\/li>\n \t<li>Tesla Model X<\/li>\n \t<li>Volvo EX90<\/li>\n<\/ul>\t\t\t\t\t\t\t\t<\/div>\n\t\t\t\t<\/div>\n\t\t<div class=\"elementor-element elementor-element-7b5e321 e-con-full e-flex e-con e-child\" data-id=\"7b5e321\" data-element_type=\"container\" data-e-type=\"container\">\n\t\t\t\t<div class=\"elementor-element elementor-element-434c4a4 elementor-widget elementor-widget-image\" data-id=\"434c4a4\" data-element_type=\"widget\" data-e-type=\"widget\" data-widget_type=\"image.default\">\n\t\t\t\t\t\t\t\t\t\t\t\t\t\t\t<img decoding=\"async\" width=\"800\" height=\"334\" src=\"https:\/\/www.chauffeur-services.com\/wp-content\/uploads\/sites\/1\/business-suv-1200x501.png\" class=\"attachment-large size-large wp-image-154922\" alt=\"\" srcset=\"https:\/\/www.chauffeur-services.com\/wp-content\/uploads\/sites\/1\/business-suv-1200x501.png 1200w, https:\/\/www.chauffeur-services.com\/wp-content\/uploads\/sites\/1\/business-suv-600x250.png 600w, https:\/\/www.chauffeur-services.com\/wp-content\/uploads\/sites\/1\/business-suv-768x321.png 768w, https:\/\/www.chauffeur-services.com\/wp-content\/uploads\/sites\/1\/business-suv.png 1440w\" sizes=\"(max-width: 800px) 100vw, 800px\" title=\"\">\t\t\t\t\t\t\t\t\t\t\t\t\t\t\t<\/div>\n\t\t\t\t<div class=\"elementor-element elementor-element-c74d13f elementor-widget elementor-widget-heading\" data-id=\"c74d13f\" data-element_type=\"widget\" data-e-type=\"widget\" data-widget_type=\"heading.default\">\n\t\t\t\t\t<h3 class=\"elementor-heading-title elementor-size-default\"> Luxus-SUVs \/ Fullsize-SUVs<\/h3>\t\t\t\t<\/div>\n\t\t\t\t<div class=\"elementor-element elementor-element-227a7f4 elementor-widget elementor-widget-text-editor\" data-id=\"227a7f4\" data-element_type=\"widget\" data-e-type=\"widget\" data-widget_type=\"text-editor.default\">\n\t\t\t\t\t\t\t\t\t<ul><li>BMW X7<\/li><li>Cadillac Escalade<\/li><li>Cadillac XT6<\/li><li>Chevrolet Suburban<\/li><li>GMC Yukon SLE<\/li><li>GMC Yukon Denali<\/li><li>GMC Yukon XL<\/li><li>Land Rover Range Rover<\/li><li>Lincoln Aviator<\/li><li>Lincoln Navigator<\/li><li>Mercedes-Benz EQE SUV<\/li><li>Mercedes-Benz EQS SUV<\/li><li>Mercedes-Benz GLS<\/li><li>Volvo EX90<\/li><\/ul>\t\t\t\t\t\t\t\t<\/div>\n\t\t\t\t<\/div>\n\t\t<div class=\"elementor-element elementor-element-40c68aa e-con-full e-flex e-con e-child\" data-id=\"40c68aa\" data-element_type=\"container\" data-e-type=\"container\">\n\t\t\t\t<div class=\"elementor-element elementor-element-b5d7b75 elementor-widget elementor-widget-image\" data-id=\"b5d7b75\" data-element_type=\"widget\" data-e-type=\"widget\" data-widget_type=\"image.default\">\n\t\t\t\t\t\t\t\t\t\t\t\t\t\t\t<img loading=\"lazy\" decoding=\"async\" width=\"800\" height=\"333\" src=\"https:\/\/www.chauffeur-services.com\/wp-content\/uploads\/business-van-1200x500.webp\" class=\"attachment-large size-large wp-image-154923\" alt=\"\" srcset=\"https:\/\/www.chauffeur-services.com\/wp-content\/uploads\/business-van-1200x500.webp 1200w, https:\/\/www.chauffeur-services.com\/wp-content\/uploads\/business-van-600x250.webp 600w, https:\/\/www.chauffeur-services.com\/wp-content\/uploads\/business-van-768x320.webp 768w, https:\/\/www.chauffeur-services.com\/wp-content\/uploads\/business-van.webp 1440w\" sizes=\"(max-width: 800px) 100vw, 800px\" title=\"\">\t\t\t\t\t\t\t\t\t\t\t\t\t\t\t<\/div>\n\t\t\t\t<div class=\"elementor-element elementor-element-ee25163 elementor-widget elementor-widget-heading\" data-id=\"ee25163\" data-element_type=\"widget\" data-e-type=\"widget\" data-widget_type=\"heading.default\">\n\t\t\t\t\t<h3 class=\"elementor-heading-title elementor-size-default\">Luxusvans \/ MPVs\n<\/h3>\t\t\t\t<\/div>\n\t\t\t\t<div class=\"elementor-element elementor-element-b8b77dc elementor-widget elementor-widget-text-editor\" data-id=\"b8b77dc\" data-element_type=\"widget\" data-e-type=\"widget\" data-widget_type=\"text-editor.default\">\n\t\t\t\t\t\t\t\t\t<ul><li>Mercedes-Benz EQV<\/li><li>Mercedes-Benz Sprinter<\/li><li>Mercedes-Benz V-Klasse<\/li><\/ul>\t\t\t\t\t\t\t\t<\/div>\n\t\t\t\t<\/div>\n\t\t\t\t\t<\/div>\n\t\t\t\t<\/div>\n\t\t\t\t<\/div>\n\t\t","protected":false},"excerpt":{"rendered":"<p>Fahrzeugeignung: Limousinen, SUVs Vans Wir sind bestrebt, erstklassige L\u00f6sungen anzubieten, und ein wesentlicher Bestandteil dieses Engagements ist die Sicherstellung, dass unsere Flotte aus Fahrzeugen h\u00f6chster Qualit\u00e4t besteht. Diese Seite erl\u00e4utert die spezifischen Kriterien f\u00fcr die Eignung von Fahrzeugen in unserem Netzwerk, wobei der Fokus auf schwarzen Luxuslimousinen, SUVs und Vans liegt, die nicht \u00e4lter als [&hellip;]<\/p>\n","protected":false},"author":16,"featured_media":54172,"parent":54170,"menu_order":0,"comment_status":"closed","ping_status":"closed","template":"","meta":{"_acf_changed":false,"content-type":"","footnotes":""},"class_list":["post-111588","page","type-page","status-publish","has-post-thumbnail","hentry"],"acf":[],"_links":{"self":[{"href":"https:\/\/www.chauffeur-services.com\/de\/wp-json\/wp\/v2\/pages\/111588","targetHints":{"allow":["GET"]}}],"collection":[{"href":"https:\/\/www.chauffeur-services.com\/de\/wp-json\/wp\/v2\/pages"}],"about":[{"href":"https:\/\/www.chauffeur-services.com\/de\/wp-json\/wp\/v2\/types\/page"}],"author":[{"embeddable":true,"href":"https:\/\/www.chauffeur-services.com\/de\/wp-json\/wp\/v2\/users\/16"}],"replies":[{"embeddable":true,"href":"https:\/\/www.chauffeur-services.com\/de\/wp-json\/wp\/v2\/comments?post=111588"}],"version-history":[{"count":0,"href":"https:\/\/www.chauffeur-services.com\/de\/wp-json\/wp\/v2\/pages\/111588\/revisions"}],"up":[{"embeddable":true,"href":"https:\/\/www.chauffeur-services.com\/de\/wp-json\/wp\/v2\/pages\/54170"}],"wp:featuredmedia":[{"embeddable":true,"href":"https:\/\/www.chauffeur-services.com\/de\/wp-json\/wp\/v2\/media\/54172"}],"wp:attachment":[{"href":"https:\/\/www.chauffeur-services.com\/de\/wp-json\/wp\/v2\/media?parent=111588"}],"curies":[{"name":"wp","href":"https:\/\/api.w.org\/{rel}","templated":true}]}}